{"id":9730,"date":"2025-08-14T12:37:01","date_gmt":"2025-08-14T10:37:01","guid":{"rendered":"https:\/\/sapachat.com\/?post_type=product&#038;p=9730"},"modified":"2025-09-18T10:27:09","modified_gmt":"2025-09-18T08:27:09","slug":"sony-androide-55-pouces","status":"publish","type":"product","link":"https:\/\/sapachat.com\/index.php\/produit\/sony-androide-55-pouces\/","title":{"rendered":"Sony androide 55 pouces"},"content":{"rendered":"<p>Tv led Sony 55 pouces androide , r\u00e9solution 4k , Bluetooth, 2 port usb, 4 HDMI, play store, YouTube, Netflix \u2026<\/p>\n<p>consommation d\u2019\u00e9nergie tr\u00e8s r\u00e9duite<\/p>\n","protected":false},"excerpt":{"rendered":"<p>Tv led Sony 55 pouces androide , r\u00e9solution 4k , Bluetooth, 2 port usb, 4 HDMI, play store, YouTube, Netflix \u2026 consommation d\u2019\u00e9nergie tr\u00e8s r\u00e9duite<\/p>\n","protected":false},"featured_media":9734,"comment_status":"open","ping_status":"closed","template":"","meta":{"_acf_changed":false},"product_brand":[],"product_cat":[15],"product_tag":[],"class_list":{"0":"post-9730","1":"product","2":"type-product","3":"status-publish","4":"has-post-thumbnail","6":"product_cat-non-classe","8":"first","9":"instock","10":"downloadable","11":"shipping-taxable","12":"purchasable","13":"product-type-simple"},"acf":[],"_links":{"self":[{"href":"https:\/\/sapachat.com\/index.php\/wp-json\/wp\/v2\/product\/9730","targetHints":{"allow":["GET"]}}],"collection":[{"href":"https:\/\/sapachat.com\/index.php\/wp-json\/wp\/v2\/product"}],"about":[{"href":"https:\/\/sapachat.com\/index.php\/wp-json\/wp\/v2\/types\/product"}],"replies":[{"embeddable":true,"href":"https:\/\/sapachat.com\/index.php\/wp-json\/wp\/v2\/comments?post=9730"}],"wp:featuredmedia":[{"embeddable":true,"href":"https:\/\/sapachat.com\/index.php\/wp-json\/wp\/v2\/media\/9734"}],"wp:attachment":[{"href":"https:\/\/sapachat.com\/index.php\/wp-json\/wp\/v2\/media?parent=9730"}],"wp:term":[{"taxonomy":"product_brand","embeddable":true,"href":"https:\/\/sapachat.com\/index.php\/wp-json\/wp\/v2\/product_brand?post=9730"},{"taxonomy":"product_cat","embeddable":true,"href":"https:\/\/sapachat.com\/index.php\/wp-json\/wp\/v2\/product_cat?post=9730"},{"taxonomy":"product_tag","embeddable":true,"href":"https:\/\/sapachat.com\/index.php\/wp-json\/wp\/v2\/product_tag?post=9730"}],"curies":[{"name":"wp","href":"https:\/\/api.w.org\/{rel}","templated":true}]}}