{"id":9686,"date":"2025-08-14T12:16:33","date_gmt":"2025-08-14T10:16:33","guid":{"rendered":"https:\/\/sapachat.com\/?post_type=product&#038;p=9686"},"modified":"2025-11-18T08:20:27","modified_gmt":"2025-11-18T07:20:27","slug":"gourde-qualite-superieure","status":"publish","type":"product","link":"https:\/\/sapachat.com\/index.php\/produit\/gourde-qualite-superieure\/","title":{"rendered":"Gourde qualit\u00e9 sup\u00e9rieure"},"content":{"rendered":"","protected":false},"excerpt":{"rendered":"<p>Vente de gourde qualit\u00e9 sup\u00e9rieure<\/p>\n","protected":false},"featured_media":9682,"comment_status":"open","ping_status":"closed","template":"","meta":{"_acf_changed":false},"product_brand":[],"product_cat":[242],"product_tag":[],"class_list":{"0":"post-9686","1":"product","2":"type-product","3":"status-publish","4":"has-post-thumbnail","6":"product_cat-electromenagers","8":"first","9":"instock","10":"virtual","11":"purchasable","12":"product-type-simple"},"acf":[],"_links":{"self":[{"href":"https:\/\/sapachat.com\/index.php\/wp-json\/wp\/v2\/product\/9686","targetHints":{"allow":["GET"]}}],"collection":[{"href":"https:\/\/sapachat.com\/index.php\/wp-json\/wp\/v2\/product"}],"about":[{"href":"https:\/\/sapachat.com\/index.php\/wp-json\/wp\/v2\/types\/product"}],"replies":[{"embeddable":true,"href":"https:\/\/sapachat.com\/index.php\/wp-json\/wp\/v2\/comments?post=9686"}],"wp:featuredmedia":[{"embeddable":true,"href":"https:\/\/sapachat.com\/index.php\/wp-json\/wp\/v2\/media\/9682"}],"wp:attachment":[{"href":"https:\/\/sapachat.com\/index.php\/wp-json\/wp\/v2\/media?parent=9686"}],"wp:term":[{"taxonomy":"product_brand","embeddable":true,"href":"https:\/\/sapachat.com\/index.php\/wp-json\/wp\/v2\/product_brand?post=9686"},{"taxonomy":"product_cat","embeddable":true,"href":"https:\/\/sapachat.com\/index.php\/wp-json\/wp\/v2\/product_cat?post=9686"},{"taxonomy":"product_tag","embeddable":true,"href":"https:\/\/sapachat.com\/index.php\/wp-json\/wp\/v2\/product_tag?post=9686"}],"curies":[{"name":"wp","href":"https:\/\/api.w.org\/{rel}","templated":true}]}}