{"id":9261,"date":"2025-08-13T16:23:13","date_gmt":"2025-08-13T14:23:13","guid":{"rendered":"https:\/\/sapachat.com\/?post_type=product&#038;p=9261"},"modified":"2025-08-13T16:39:43","modified_gmt":"2025-08-13T14:39:43","slug":"lenovo-thinkpad-t480","status":"publish","type":"product","link":"https:\/\/sapachat.com\/index.php\/produit\/lenovo-thinkpad-t480\/","title":{"rendered":"Lenovo thinkpad T480"},"content":{"rendered":"","protected":false},"excerpt":{"rendered":"<p>Le thinkpad est \u00e9quip\u00e9 d&#8217;un \u00e9cran 14 pouces (full-HD)<\/p>\n<p>Core i5 512 GB de Rom et 16 gb de RAM<\/p>\n<p>NB: Tous Les core sont disponibles de 4 GB \u00e0 32 GB de RAM et de 500 GB de Rom \u00e0 1 T<!--more--><\/p>\n","protected":false},"featured_media":9226,"comment_status":"open","ping_status":"closed","template":"","meta":{"_acf_changed":false},"product_brand":[],"product_cat":[15],"product_tag":[],"class_list":{"0":"post-9261","1":"product","2":"type-product","3":"status-publish","4":"has-post-thumbnail","6":"product_cat-non-classe","8":"first","9":"instock","10":"sale","11":"shipping-taxable","12":"purchasable","13":"product-type-simple"},"acf":[],"_links":{"self":[{"href":"https:\/\/sapachat.com\/index.php\/wp-json\/wp\/v2\/product\/9261","targetHints":{"allow":["GET"]}}],"collection":[{"href":"https:\/\/sapachat.com\/index.php\/wp-json\/wp\/v2\/product"}],"about":[{"href":"https:\/\/sapachat.com\/index.php\/wp-json\/wp\/v2\/types\/product"}],"replies":[{"embeddable":true,"href":"https:\/\/sapachat.com\/index.php\/wp-json\/wp\/v2\/comments?post=9261"}],"wp:featuredmedia":[{"embeddable":true,"href":"https:\/\/sapachat.com\/index.php\/wp-json\/wp\/v2\/media\/9226"}],"wp:attachment":[{"href":"https:\/\/sapachat.com\/index.php\/wp-json\/wp\/v2\/media?parent=9261"}],"wp:term":[{"taxonomy":"product_brand","embeddable":true,"href":"https:\/\/sapachat.com\/index.php\/wp-json\/wp\/v2\/product_brand?post=9261"},{"taxonomy":"product_cat","embeddable":true,"href":"https:\/\/sapachat.com\/index.php\/wp-json\/wp\/v2\/product_cat?post=9261"},{"taxonomy":"product_tag","embeddable":true,"href":"https:\/\/sapachat.com\/index.php\/wp-json\/wp\/v2\/product_tag?post=9261"}],"curies":[{"name":"wp","href":"https:\/\/api.w.org\/{rel}","templated":true}]}}