{"id":9178,"date":"2025-08-13T15:34:22","date_gmt":"2025-08-13T13:34:22","guid":{"rendered":"https:\/\/sapachat.com\/?post_type=product&#038;p=9178"},"modified":"2025-09-18T10:47:56","modified_gmt":"2025-09-18T08:47:56","slug":"telephone-iphone","status":"publish","type":"product","link":"https:\/\/sapachat.com\/index.php\/produit\/telephone-iphone\/","title":{"rendered":"T\u00e9l\u00e9phone iPhone"},"content":{"rendered":"<p>Des T\u00e9l\u00e9phones iPhone 13 simple casi neuf et neuf \u00a0en d\u00e9tail<\/p>\n","protected":false},"excerpt":{"rendered":"<p>Des T\u00e9l\u00e9phones iPhone 13 simple casi neuf et neuf \u00a0en d\u00e9tail<\/p>\n","protected":false},"featured_media":9188,"comment_status":"open","ping_status":"closed","template":"","meta":{"_acf_changed":false},"product_brand":[],"product_cat":[249],"product_tag":[18],"class_list":{"0":"post-9178","1":"product","2":"type-product","3":"status-publish","4":"has-post-thumbnail","6":"product_cat-informatiques","7":"product_tag-fast","9":"first","10":"instock","11":"sale","12":"sold-individually","13":"shipping-taxable","14":"purchasable","15":"product-type-simple"},"acf":[],"_links":{"self":[{"href":"https:\/\/sapachat.com\/index.php\/wp-json\/wp\/v2\/product\/9178","targetHints":{"allow":["GET"]}}],"collection":[{"href":"https:\/\/sapachat.com\/index.php\/wp-json\/wp\/v2\/product"}],"about":[{"href":"https:\/\/sapachat.com\/index.php\/wp-json\/wp\/v2\/types\/product"}],"replies":[{"embeddable":true,"href":"https:\/\/sapachat.com\/index.php\/wp-json\/wp\/v2\/comments?post=9178"}],"wp:featuredmedia":[{"embeddable":true,"href":"https:\/\/sapachat.com\/index.php\/wp-json\/wp\/v2\/media\/9188"}],"wp:attachment":[{"href":"https:\/\/sapachat.com\/index.php\/wp-json\/wp\/v2\/media?parent=9178"}],"wp:term":[{"taxonomy":"product_brand","embeddable":true,"href":"https:\/\/sapachat.com\/index.php\/wp-json\/wp\/v2\/product_brand?post=9178"},{"taxonomy":"product_cat","embeddable":true,"href":"https:\/\/sapachat.com\/index.php\/wp-json\/wp\/v2\/product_cat?post=9178"},{"taxonomy":"product_tag","embeddable":true,"href":"https:\/\/sapachat.com\/index.php\/wp-json\/wp\/v2\/product_tag?post=9178"}],"curies":[{"name":"wp","href":"https:\/\/api.w.org\/{rel}","templated":true}]}}