{"id":9175,"date":"2025-08-13T15:29:35","date_gmt":"2025-08-13T13:29:35","guid":{"rendered":"https:\/\/sapachat.com\/?post_type=product&#038;p=9175"},"modified":"2025-08-13T15:40:33","modified_gmt":"2025-08-13T13:40:33","slug":"projecteur-acer-x1126ah","status":"publish","type":"product","link":"https:\/\/sapachat.com\/index.php\/produit\/projecteur-acer-x1126ah\/","title":{"rendered":"PROJECTEUR ACER X1126AH"},"content":{"rendered":"","protected":false},"excerpt":{"rendered":"<p>PROJECTEUR ACER X1126AH<\/p>\n<p>&nbsp;<\/p>\n<p>acer<\/p>\n<p>&nbsp;<\/p>\n<p>Faites l&#8217;exp\u00e9rience d&#8217;un divertissement sur grand \u00e9cran avec une qualit\u00e9 d&#8217;image exceptionnelle et une installation flexible. Le X1126AH offre des images lumineuses et claires, m\u00eame dans des pi\u00e8ces bien \u00e9clair\u00e9es de taille moyenne, avec une luminosit\u00e9 allant jusqu&#8217;\u00e0 4 000 lumens. Des couleurs r\u00e9alistes sont possibles gr\u00e2ce \u00e0 Acer LumiSense, ColorBoost3D et Color Safe II, tandis qu&#8217;Acer BlueLightShield prot\u00e8ge vos yeux. De plus, l&#8217;innovant Image Shift augmente la flexibilit\u00e9 de votre installation et le mode EcoPro prolonge la dur\u00e9e de vie de votre lampe jusqu&#8217;\u00e0 20 000 heures pour vous permettre d&#8217;\u00e9conomiser davantage.<\/p>\n","protected":false},"featured_media":9184,"comment_status":"open","ping_status":"closed","template":"","meta":{"_acf_changed":false},"product_brand":[],"product_cat":[15],"product_tag":[],"class_list":{"0":"post-9175","1":"product","2":"type-product","3":"status-publish","4":"has-post-thumbnail","6":"product_cat-non-classe","8":"first","9":"instock","10":"sale","11":"downloadable","12":"virtual","13":"purchasable","14":"product-type-simple"},"acf":[],"_links":{"self":[{"href":"https:\/\/sapachat.com\/index.php\/wp-json\/wp\/v2\/product\/9175","targetHints":{"allow":["GET"]}}],"collection":[{"href":"https:\/\/sapachat.com\/index.php\/wp-json\/wp\/v2\/product"}],"about":[{"href":"https:\/\/sapachat.com\/index.php\/wp-json\/wp\/v2\/types\/product"}],"replies":[{"embeddable":true,"href":"https:\/\/sapachat.com\/index.php\/wp-json\/wp\/v2\/comments?post=9175"}],"wp:featuredmedia":[{"embeddable":true,"href":"https:\/\/sapachat.com\/index.php\/wp-json\/wp\/v2\/media\/9184"}],"wp:attachment":[{"href":"https:\/\/sapachat.com\/index.php\/wp-json\/wp\/v2\/media?parent=9175"}],"wp:term":[{"taxonomy":"product_brand","embeddable":true,"href":"https:\/\/sapachat.com\/index.php\/wp-json\/wp\/v2\/product_brand?post=9175"},{"taxonomy":"product_cat","embeddable":true,"href":"https:\/\/sapachat.com\/index.php\/wp-json\/wp\/v2\/product_cat?post=9175"},{"taxonomy":"product_tag","embeddable":true,"href":"https:\/\/sapachat.com\/index.php\/wp-json\/wp\/v2\/product_tag?post=9175"}],"curies":[{"name":"wp","href":"https:\/\/api.w.org\/{rel}","templated":true}]}}