{"id":8920,"date":"2025-08-13T12:51:09","date_gmt":"2025-08-13T10:51:09","guid":{"rendered":"https:\/\/sapachat.com\/?post_type=product&#038;p=8920"},"modified":"2026-02-03T18:34:06","modified_gmt":"2026-02-03T17:34:06","slug":"trust","status":"publish","type":"product","link":"https:\/\/sapachat.com\/index.php\/produit\/trust\/","title":{"rendered":"TRUST"},"content":{"rendered":"<p>Le t-shirt TRUST de la marque Kore incarne la confiance et le style streetwear.<\/p>\n<p>\u2022Couleur : Blanc<\/p>\n<p>\u2022Impression avant : Mot \u201cTRUST\u201d en noir, effet grunge<\/p>\n<p>\u2022Impression arri\u00e8re : Illustration artistique en noir et violet<\/p>\n<p>\u2022Mati\u00e8re : 100% coton premium, doux et respirant<\/p>\n<p>\u2022Coupe : Unisexe, style oversize<\/p>\n<p>\u2022Tailles disponibles : S, M, L, XL<\/p>\n<p>Parfait pour un look urbain affirm\u00e9 ou une tenue d\u00e9contract\u00e9e tendance.<\/p>\n","protected":false},"excerpt":{"rendered":"<p><!--more--><\/p>\n<p>T-shirt blanc unisexe avec impression \u201cTRUST\u201d \u00e0 l\u2019avant et illustration artistique au dos. Confort et style r\u00e9unis.<\/p>\n","protected":false},"featured_media":8921,"comment_status":"open","ping_status":"closed","template":"","meta":{"_acf_changed":false},"product_brand":[],"product_cat":[243],"product_tag":[],"class_list":{"0":"post-8920","1":"product","2":"type-product","3":"status-publish","4":"has-post-thumbnail","6":"product_cat-modes","8":"first","9":"instock","10":"sale","11":"sold-individually","12":"shipping-taxable","13":"purchasable","14":"product-type-simple"},"acf":[],"_links":{"self":[{"href":"https:\/\/sapachat.com\/index.php\/wp-json\/wp\/v2\/product\/8920","targetHints":{"allow":["GET"]}}],"collection":[{"href":"https:\/\/sapachat.com\/index.php\/wp-json\/wp\/v2\/product"}],"about":[{"href":"https:\/\/sapachat.com\/index.php\/wp-json\/wp\/v2\/types\/product"}],"replies":[{"embeddable":true,"href":"https:\/\/sapachat.com\/index.php\/wp-json\/wp\/v2\/comments?post=8920"}],"wp:featuredmedia":[{"embeddable":true,"href":"https:\/\/sapachat.com\/index.php\/wp-json\/wp\/v2\/media\/8921"}],"wp:attachment":[{"href":"https:\/\/sapachat.com\/index.php\/wp-json\/wp\/v2\/media?parent=8920"}],"wp:term":[{"taxonomy":"product_brand","embeddable":true,"href":"https:\/\/sapachat.com\/index.php\/wp-json\/wp\/v2\/product_brand?post=8920"},{"taxonomy":"product_cat","embeddable":true,"href":"https:\/\/sapachat.com\/index.php\/wp-json\/wp\/v2\/product_cat?post=8920"},{"taxonomy":"product_tag","embeddable":true,"href":"https:\/\/sapachat.com\/index.php\/wp-json\/wp\/v2\/product_tag?post=8920"}],"curies":[{"name":"wp","href":"https:\/\/api.w.org\/{rel}","templated":true}]}}