{"id":8813,"date":"2025-08-12T20:48:13","date_gmt":"2025-08-12T18:48:13","guid":{"rendered":"https:\/\/sapachat.com\/?post_type=product&#038;p=8813"},"modified":"2025-11-18T05:06:47","modified_gmt":"2025-11-18T04:06:47","slug":"antenne-tnt","status":"publish","type":"product","link":"https:\/\/sapachat.com\/index.php\/produit\/antenne-tnt\/","title":{"rendered":"Antenne TNT"},"content":{"rendered":"","protected":false},"excerpt":{"rendered":"<ol>\n<li>\n<blockquote><p>Il s&#8217;agit d&#8217;une antenne TV ext\u00e9rieure Yagi utilis\u00e9e pour la r\u00e9ception des cha\u00eenes de t\u00e9l\u00e9vision nationale en C\u00f4te d&#8217;Ivoire, telles que RTI 1 (cha\u00eene g\u00e9n\u00e9raliste) et RTI 2 (cha\u00eene d\u00e9di\u00e9e \u00e0 la jeunesse et \u00e0 la culture). Cette antenne est adapt\u00e9e pour capter les signaux de t\u00e9l\u00e9vision num\u00e9rique terrestre (TNT), en particulier pour les canaux locaux comme TV3, La 3, et RTI Bouak\u00e9, dans les zones urbaines et rurales.<\/p><\/blockquote>\n<\/li>\n<\/ol>\n<p>Description :<\/p>\n<p>&nbsp;<\/p>\n<p>Design : L&#8217;antenne est \u00e9quip\u00e9e de plusieurs \u00e9l\u00e9ments m\u00e9talliques, dispos\u00e9s parall\u00e8lement, et est dot\u00e9e de protections vertes sur les extr\u00e9mit\u00e9s des \u00e9l\u00e9ments pour am\u00e9liorer la r\u00e9sistance aux intemp\u00e9ries.<\/p>\n<p>&nbsp;<\/p>\n<p>Fixation : Un bras de fixation jaune en plastique assure une installation s\u00e9curis\u00e9e sur un m\u00e2t m\u00e9tallique, permettant une orientation optimale pour une r\u00e9ception optimale des signaux des cha\u00eenes ivoiriennes.<\/p>\n<p>&nbsp;<\/p>\n<p>Composants : Un bo\u00eetier noir central, probablement un amplificateur, est con\u00e7u pour renforcer la r\u00e9ception des signaux \u00e9mis par les stations locales de t\u00e9l\u00e9vision.<\/p>\n<p>&nbsp;<\/p>\n<blockquote>\n<p style=\"text-align: left\">Utilisation : Cette antenne est con\u00e7ue pour capter les signaux des cha\u00eenes telles que RTI 1, RTI 2, La 3, RTI Bouak\u00e9 et autres cha\u00eenes locales, assurant une diffusion claire des programmes de la t\u00e9l\u00e9vision nationale ivoirienne, particuli\u00e8rement dans les zones o\u00f9 la couverture de la TNT est essentielle.<\/p>\n<\/blockquote>\n<p>&nbsp;<\/p>\n<p>&nbsp;<\/p>\n<p>&nbsp;<\/p>\n","protected":false},"featured_media":8814,"comment_status":"open","ping_status":"closed","template":"","meta":{"_acf_changed":false},"product_brand":[],"product_cat":[15],"product_tag":[],"class_list":{"0":"post-8813","1":"product","2":"type-product","3":"status-publish","4":"has-post-thumbnail","6":"product_cat-non-classe","8":"first","9":"instock","10":"sale","11":"shipping-taxable","12":"purchasable","13":"product-type-simple"},"acf":[],"_links":{"self":[{"href":"https:\/\/sapachat.com\/index.php\/wp-json\/wp\/v2\/product\/8813","targetHints":{"allow":["GET"]}}],"collection":[{"href":"https:\/\/sapachat.com\/index.php\/wp-json\/wp\/v2\/product"}],"about":[{"href":"https:\/\/sapachat.com\/index.php\/wp-json\/wp\/v2\/types\/product"}],"replies":[{"embeddable":true,"href":"https:\/\/sapachat.com\/index.php\/wp-json\/wp\/v2\/comments?post=8813"}],"wp:featuredmedia":[{"embeddable":true,"href":"https:\/\/sapachat.com\/index.php\/wp-json\/wp\/v2\/media\/8814"}],"wp:attachment":[{"href":"https:\/\/sapachat.com\/index.php\/wp-json\/wp\/v2\/media?parent=8813"}],"wp:term":[{"taxonomy":"product_brand","embeddable":true,"href":"https:\/\/sapachat.com\/index.php\/wp-json\/wp\/v2\/product_brand?post=8813"},{"taxonomy":"product_cat","embeddable":true,"href":"https:\/\/sapachat.com\/index.php\/wp-json\/wp\/v2\/product_cat?post=8813"},{"taxonomy":"product_tag","embeddable":true,"href":"https:\/\/sapachat.com\/index.php\/wp-json\/wp\/v2\/product_tag?post=8813"}],"curies":[{"name":"wp","href":"https:\/\/api.w.org\/{rel}","templated":true}]}}