{"id":8806,"date":"2025-08-12T19:40:33","date_gmt":"2025-08-12T17:40:33","guid":{"rendered":"https:\/\/sapachat.com\/?post_type=product&#038;p=8806"},"modified":"2025-09-18T09:41:46","modified_gmt":"2025-09-18T07:41:46","slug":"pain-foure-et-du-lait-degue","status":"publish","type":"product","link":"https:\/\/sapachat.com\/index.php\/produit\/pain-foure-et-du-lait-degue\/","title":{"rendered":"Pain four\u00e9 et du lait degue"},"content":{"rendered":"<p>Du pain four\u00e9 de Saucisson de viande de boeuf hach\u00e9e et fromage \u00a0d\u00e9licieux<\/p>\n","protected":false},"excerpt":{"rendered":"<p>Du pain four\u00e9 de Saucisson de viande de boeuf hach\u00e9e et fromage \u00a0d\u00e9licieux<\/p>\n","protected":false},"featured_media":8812,"comment_status":"open","ping_status":"closed","template":"","meta":{"_acf_changed":false},"product_brand":[],"product_cat":[247],"product_tag":[18],"class_list":{"0":"post-8806","1":"product","2":"type-product","3":"status-publish","4":"has-post-thumbnail","6":"product_cat-aliments","7":"product_tag-fast","9":"first","10":"instock","11":"sale","12":"sold-individually","13":"shipping-taxable","14":"purchasable","15":"product-type-simple"},"acf":[],"_links":{"self":[{"href":"https:\/\/sapachat.com\/index.php\/wp-json\/wp\/v2\/product\/8806","targetHints":{"allow":["GET"]}}],"collection":[{"href":"https:\/\/sapachat.com\/index.php\/wp-json\/wp\/v2\/product"}],"about":[{"href":"https:\/\/sapachat.com\/index.php\/wp-json\/wp\/v2\/types\/product"}],"replies":[{"embeddable":true,"href":"https:\/\/sapachat.com\/index.php\/wp-json\/wp\/v2\/comments?post=8806"}],"wp:featuredmedia":[{"embeddable":true,"href":"https:\/\/sapachat.com\/index.php\/wp-json\/wp\/v2\/media\/8812"}],"wp:attachment":[{"href":"https:\/\/sapachat.com\/index.php\/wp-json\/wp\/v2\/media?parent=8806"}],"wp:term":[{"taxonomy":"product_brand","embeddable":true,"href":"https:\/\/sapachat.com\/index.php\/wp-json\/wp\/v2\/product_brand?post=8806"},{"taxonomy":"product_cat","embeddable":true,"href":"https:\/\/sapachat.com\/index.php\/wp-json\/wp\/v2\/product_cat?post=8806"},{"taxonomy":"product_tag","embeddable":true,"href":"https:\/\/sapachat.com\/index.php\/wp-json\/wp\/v2\/product_tag?post=8806"}],"curies":[{"name":"wp","href":"https:\/\/api.w.org\/{rel}","templated":true}]}}