{"id":8015,"date":"2025-08-12T11:26:58","date_gmt":"2025-08-12T09:26:58","guid":{"rendered":"https:\/\/sapachat.com\/?post_type=product&#038;p=8015"},"modified":"2025-08-12T11:32:02","modified_gmt":"2025-08-12T09:32:02","slug":"timberlands","status":"publish","type":"product","link":"https:\/\/sapachat.com\/index.php\/produit\/timberlands\/","title":{"rendered":"Timberlands"},"content":{"rendered":"","protected":false},"excerpt":{"rendered":"<p>Timberland Fabriqu\u00e9 \u00e0 partir de caoutchouc de haute qualit\u00e9, super doux et durable.<\/p>\n<p>Dispose d&#8217;une sangle arri\u00e8re en \u00e9charpe tress\u00e9e s\u00e9curis\u00e9e pour un look \u00e9l\u00e9gant.<\/p>\n<p>Parfait aussi bien pour les journ\u00e9es \u00e0 la plage que pour les sorties d\u00e9contract\u00e9es.<\/p>\n<p>Offre une r\u00e9sistance au glissement avec la semelle signature \u00e0 motif riz.<\/p>\n<p>Disponible dans une vari\u00e9t\u00e9 de couleurs neutres pour un style estival polyvalent.<\/p>\n<p>Fabriqu\u00e9e au Br\u00e9sil depuis 1989, la marque originale de tongs.<\/p>\n","protected":false},"featured_media":8016,"comment_status":"open","ping_status":"closed","template":"","meta":{"_acf_changed":false},"product_brand":[],"product_cat":[15],"product_tag":[],"class_list":{"0":"post-8015","1":"product","2":"type-product","3":"status-publish","4":"has-post-thumbnail","6":"product_cat-non-classe","8":"first","9":"instock","10":"sale","11":"downloadable","12":"virtual","13":"purchasable","14":"product-type-simple"},"acf":[],"_links":{"self":[{"href":"https:\/\/sapachat.com\/index.php\/wp-json\/wp\/v2\/product\/8015","targetHints":{"allow":["GET"]}}],"collection":[{"href":"https:\/\/sapachat.com\/index.php\/wp-json\/wp\/v2\/product"}],"about":[{"href":"https:\/\/sapachat.com\/index.php\/wp-json\/wp\/v2\/types\/product"}],"replies":[{"embeddable":true,"href":"https:\/\/sapachat.com\/index.php\/wp-json\/wp\/v2\/comments?post=8015"}],"wp:featuredmedia":[{"embeddable":true,"href":"https:\/\/sapachat.com\/index.php\/wp-json\/wp\/v2\/media\/8016"}],"wp:attachment":[{"href":"https:\/\/sapachat.com\/index.php\/wp-json\/wp\/v2\/media?parent=8015"}],"wp:term":[{"taxonomy":"product_brand","embeddable":true,"href":"https:\/\/sapachat.com\/index.php\/wp-json\/wp\/v2\/product_brand?post=8015"},{"taxonomy":"product_cat","embeddable":true,"href":"https:\/\/sapachat.com\/index.php\/wp-json\/wp\/v2\/product_cat?post=8015"},{"taxonomy":"product_tag","embeddable":true,"href":"https:\/\/sapachat.com\/index.php\/wp-json\/wp\/v2\/product_tag?post=8015"}],"curies":[{"name":"wp","href":"https:\/\/api.w.org\/{rel}","templated":true}]}}