{"id":7706,"date":"2025-08-11T17:22:44","date_gmt":"2025-08-11T15:22:44","guid":{"rendered":"https:\/\/sapachat.com\/?post_type=product&#038;p=7706"},"modified":"2025-10-03T10:57:34","modified_gmt":"2025-10-03T08:57:34","slug":"sac-a-dos-decontracte-wilson-impermeable-a-leau-capacite-156-pouces","status":"publish","type":"product","link":"https:\/\/sapachat.com\/index.php\/produit\/sac-a-dos-decontracte-wilson-impermeable-a-leau-capacite-156-pouces\/","title":{"rendered":"Sac \u00e0 dos d\u00e9contract\u00e9 Wilson imperm\u00e9able \u00e0 l&#8217;eau. Capacit\u00e9 15,6 pouces"},"content":{"rendered":"<p>Wilson sac \u00e0 dos<\/p>\n<p>Capacit\u00e9 :15,6 pouces<\/p>\n<p>Imperm\u00e9able \u00e0 l&#8217;eau et r\u00e9sistant pour type de poids<\/p>\n","protected":false},"excerpt":{"rendered":"<p><strong>Sac \u00e0 dos d\u00e9contract\u00e9, capacit\u00e9 15,6 pouces ordinateur portable, imperm\u00e9able \u00e0 l&#8217;eau et r\u00e9sistant pour tout types de poids. Pour le travail quotidien, mini voyage et \u00e9cole..<\/strong><\/p>\n","protected":false},"featured_media":7709,"comment_status":"open","ping_status":"closed","template":"","meta":{"_acf_changed":false},"product_brand":[],"product_cat":[15],"product_tag":[],"class_list":{"0":"post-7706","1":"product","2":"type-product","3":"status-publish","4":"has-post-thumbnail","6":"product_cat-non-classe","8":"first","9":"onbackorder","10":"shipping-taxable","11":"purchasable","12":"product-type-simple"},"acf":[],"_links":{"self":[{"href":"https:\/\/sapachat.com\/index.php\/wp-json\/wp\/v2\/product\/7706","targetHints":{"allow":["GET"]}}],"collection":[{"href":"https:\/\/sapachat.com\/index.php\/wp-json\/wp\/v2\/product"}],"about":[{"href":"https:\/\/sapachat.com\/index.php\/wp-json\/wp\/v2\/types\/product"}],"replies":[{"embeddable":true,"href":"https:\/\/sapachat.com\/index.php\/wp-json\/wp\/v2\/comments?post=7706"}],"wp:featuredmedia":[{"embeddable":true,"href":"https:\/\/sapachat.com\/index.php\/wp-json\/wp\/v2\/media\/7709"}],"wp:attachment":[{"href":"https:\/\/sapachat.com\/index.php\/wp-json\/wp\/v2\/media?parent=7706"}],"wp:term":[{"taxonomy":"product_brand","embeddable":true,"href":"https:\/\/sapachat.com\/index.php\/wp-json\/wp\/v2\/product_brand?post=7706"},{"taxonomy":"product_cat","embeddable":true,"href":"https:\/\/sapachat.com\/index.php\/wp-json\/wp\/v2\/product_cat?post=7706"},{"taxonomy":"product_tag","embeddable":true,"href":"https:\/\/sapachat.com\/index.php\/wp-json\/wp\/v2\/product_tag?post=7706"}],"curies":[{"name":"wp","href":"https:\/\/api.w.org\/{rel}","templated":true}]}}