{"id":7410,"date":"2025-08-11T14:17:25","date_gmt":"2025-08-11T12:17:25","guid":{"rendered":"https:\/\/sapachat.com\/?post_type=product&#038;p=7410"},"modified":"2026-02-03T18:33:45","modified_gmt":"2026-02-03T17:33:45","slug":"tout-qualite-de-maillot-de-cote-divoire-son-disponible-et-les-autre-pays-africain","status":"publish","type":"product","link":"https:\/\/sapachat.com\/index.php\/produit\/tout-qualite-de-maillot-de-cote-divoire-son-disponible-et-les-autre-pays-africain\/","title":{"rendered":"Tout qualit\u00e9 de maillot de c\u00f4t\u00e9 d&#8217;ivoire son disponible et les autre pays africain"},"content":{"rendered":"<blockquote><p>&nbsp;<\/p><\/blockquote>\n","protected":false},"excerpt":{"rendered":"<p>&nbsp;<\/p>\n","protected":false},"featured_media":7422,"comment_status":"open","ping_status":"closed","template":"","meta":{"_acf_changed":false},"product_brand":[],"product_cat":[15],"product_tag":[],"class_list":{"0":"post-7410","1":"product","2":"type-product","3":"status-publish","4":"has-post-thumbnail","6":"product_cat-non-classe","8":"first","9":"instock","10":"sale","11":"shipping-taxable","12":"purchasable","13":"product-type-simple"},"acf":[],"_links":{"self":[{"href":"https:\/\/sapachat.com\/index.php\/wp-json\/wp\/v2\/product\/7410","targetHints":{"allow":["GET"]}}],"collection":[{"href":"https:\/\/sapachat.com\/index.php\/wp-json\/wp\/v2\/product"}],"about":[{"href":"https:\/\/sapachat.com\/index.php\/wp-json\/wp\/v2\/types\/product"}],"replies":[{"embeddable":true,"href":"https:\/\/sapachat.com\/index.php\/wp-json\/wp\/v2\/comments?post=7410"}],"wp:featuredmedia":[{"embeddable":true,"href":"https:\/\/sapachat.com\/index.php\/wp-json\/wp\/v2\/media\/7422"}],"wp:attachment":[{"href":"https:\/\/sapachat.com\/index.php\/wp-json\/wp\/v2\/media?parent=7410"}],"wp:term":[{"taxonomy":"product_brand","embeddable":true,"href":"https:\/\/sapachat.com\/index.php\/wp-json\/wp\/v2\/product_brand?post=7410"},{"taxonomy":"product_cat","embeddable":true,"href":"https:\/\/sapachat.com\/index.php\/wp-json\/wp\/v2\/product_cat?post=7410"},{"taxonomy":"product_tag","embeddable":true,"href":"https:\/\/sapachat.com\/index.php\/wp-json\/wp\/v2\/product_tag?post=7410"}],"curies":[{"name":"wp","href":"https:\/\/api.w.org\/{rel}","templated":true}]}}