{"id":7251,"date":"2025-08-10T14:43:22","date_gmt":"2025-08-10T12:43:22","guid":{"rendered":"https:\/\/sapachat.com\/?post_type=product&#038;p=7251"},"modified":"2025-11-18T05:02:46","modified_gmt":"2025-11-18T04:02:46","slug":"amle-500mg-capsules","status":"publish","type":"product","link":"https:\/\/sapachat.com\/index.php\/produit\/amle-500mg-capsules\/","title":{"rendered":"AMLE 500mg capsules"},"content":{"rendered":"","protected":false},"excerpt":{"rendered":"<p>\ud83d\uded1 LE PRODUIT QU\u2019IL FAUT AVOIR CHEZ SOI: *LE AMLA* C\u2019EST UN FRUIT INDIEN AUX MULTI VERTUES ..<\/p>\n<p>\ud83d\udc4d\ud83c\udffe Efficace dans les cas d infertilit\u00e9 chez les hommes de faiblesse sexuelle\u00a0 d Infections Urinaire d\u2019an\u00e9mie\u00a0 de fatigue<\/p>\n<p>Detoxifie le Foi et les Reins<\/p>\n<p>D<span style=\"text-align: center\">\u00e9barrasse le mauvais Cholest\u00e9rol\u00a0 R\u00e9duit le taux de sucre dans le Sang\u00a0 Acc\u00e9l\u00e8re la gu\u00e9rison en cas de Grippe.<\/span><\/p>\n<p><span style=\"text-align: center\">Ralentit le vieillissement des cellules<\/span><\/p>\n","protected":false},"featured_media":7252,"comment_status":"open","ping_status":"closed","template":"","meta":{"_acf_changed":false},"product_brand":[],"product_cat":[15],"product_tag":[],"class_list":{"0":"post-7251","1":"product","2":"type-product","3":"status-publish","4":"has-post-thumbnail","6":"product_cat-non-classe","8":"first","9":"instock","10":"sale","11":"downloadable","12":"virtual","13":"purchasable","14":"product-type-simple"},"acf":[],"_links":{"self":[{"href":"https:\/\/sapachat.com\/index.php\/wp-json\/wp\/v2\/product\/7251","targetHints":{"allow":["GET"]}}],"collection":[{"href":"https:\/\/sapachat.com\/index.php\/wp-json\/wp\/v2\/product"}],"about":[{"href":"https:\/\/sapachat.com\/index.php\/wp-json\/wp\/v2\/types\/product"}],"replies":[{"embeddable":true,"href":"https:\/\/sapachat.com\/index.php\/wp-json\/wp\/v2\/comments?post=7251"}],"wp:featuredmedia":[{"embeddable":true,"href":"https:\/\/sapachat.com\/index.php\/wp-json\/wp\/v2\/media\/7252"}],"wp:attachment":[{"href":"https:\/\/sapachat.com\/index.php\/wp-json\/wp\/v2\/media?parent=7251"}],"wp:term":[{"taxonomy":"product_brand","embeddable":true,"href":"https:\/\/sapachat.com\/index.php\/wp-json\/wp\/v2\/product_brand?post=7251"},{"taxonomy":"product_cat","embeddable":true,"href":"https:\/\/sapachat.com\/index.php\/wp-json\/wp\/v2\/product_cat?post=7251"},{"taxonomy":"product_tag","embeddable":true,"href":"https:\/\/sapachat.com\/index.php\/wp-json\/wp\/v2\/product_tag?post=7251"}],"curies":[{"name":"wp","href":"https:\/\/api.w.org\/{rel}","templated":true}]}}