{"id":7203,"date":"2025-08-05T19:00:39","date_gmt":"2025-08-05T17:00:39","guid":{"rendered":"https:\/\/sapachat.com\/?post_type=product&#038;p=7203"},"modified":"2025-11-18T14:13:20","modified_gmt":"2025-11-18T13:13:20","slug":"tatouage-henne-autocollant","status":"publish","type":"product","link":"https:\/\/sapachat.com\/index.php\/produit\/tatouage-henne-autocollant\/","title":{"rendered":"Tatouage henn\u00e9 autocollant"},"content":{"rendered":"<p data-start=\"157\" data-end=\"486\">Apportez une touche d\u2019\u00e9l\u00e9gance \u00e0 vos mains avec ce magnifique <strong data-start=\"219\" data-end=\"249\">tatouage henn\u00e9 autocollant<\/strong>. Inspir\u00e9 des motifs traditionnels indiens et arabes, ce design floral en mandala est parfait pour les \u00e9v\u00e9nements sp\u00e9ciaux : mariages, f\u00eates, c\u00e9r\u00e9monies religieuses ou simplement pour sublimer votre style au quotidien.<\/p>\n<p data-start=\"488\" data-end=\"688\">Facile \u00e0 appliquer, sans effort ni salissure, ce sticker henn\u00e9 offre un rendu pr\u00e9cis et net en quelques secondes. Id\u00e9al pour celles qui souhaitent un effet <strong data-start=\"644\" data-end=\"654\">mehndi<\/strong> temporaire sans utiliser de p\u00e2te.<\/p>\n<p data-start=\"488\" data-end=\"688\">Disponible en 3 couleurs : Rouge- Noir- Marron<\/p>\n","protected":false},"excerpt":{"rendered":"<p data-start=\"157\" data-end=\"486\">Apportez une touche d\u2019\u00e9l\u00e9gance \u00e0 vos mains avec ce magnifique <strong data-start=\"219\" data-end=\"249\">tatouage henn\u00e9 autocollant<\/strong>. Inspir\u00e9 des motifs traditionnels indiens et arabes, ce design floral en mandala est parfait pour les \u00e9v\u00e9nements sp\u00e9ciaux : mariages, f\u00eates, c\u00e9r\u00e9monies religieuses ou simplement pour sublimer votre style au quotidien.<\/p>\n<p data-start=\"488\" data-end=\"688\">Facile \u00e0 appliquer, sans effort ni salissure, ce sticker henn\u00e9 offre un rendu pr\u00e9cis et net en quelques secondes. Id\u00e9al pour celles qui souhaitent un effet <strong data-start=\"644\" data-end=\"654\">mehndi<\/strong> temporaire sans utiliser de p\u00e2te.<\/p>\n<p data-start=\"488\" data-end=\"688\">Disponible en 3 couleurs : Rouge- Noir- Marron<\/p>\n","protected":false},"featured_media":7216,"comment_status":"open","ping_status":"closed","template":"","meta":{"_acf_changed":false},"product_brand":[],"product_cat":[244],"product_tag":[],"class_list":{"0":"post-7203","1":"product","2":"type-product","3":"status-publish","4":"has-post-thumbnail","6":"product_cat-beaute","8":"first","9":"instock","10":"sale","11":"downloadable","12":"virtual","13":"sold-individually","14":"purchasable","15":"product-type-simple"},"acf":[],"_links":{"self":[{"href":"https:\/\/sapachat.com\/index.php\/wp-json\/wp\/v2\/product\/7203","targetHints":{"allow":["GET"]}}],"collection":[{"href":"https:\/\/sapachat.com\/index.php\/wp-json\/wp\/v2\/product"}],"about":[{"href":"https:\/\/sapachat.com\/index.php\/wp-json\/wp\/v2\/types\/product"}],"replies":[{"embeddable":true,"href":"https:\/\/sapachat.com\/index.php\/wp-json\/wp\/v2\/comments?post=7203"}],"wp:featuredmedia":[{"embeddable":true,"href":"https:\/\/sapachat.com\/index.php\/wp-json\/wp\/v2\/media\/7216"}],"wp:attachment":[{"href":"https:\/\/sapachat.com\/index.php\/wp-json\/wp\/v2\/media?parent=7203"}],"wp:term":[{"taxonomy":"product_brand","embeddable":true,"href":"https:\/\/sapachat.com\/index.php\/wp-json\/wp\/v2\/product_brand?post=7203"},{"taxonomy":"product_cat","embeddable":true,"href":"https:\/\/sapachat.com\/index.php\/wp-json\/wp\/v2\/product_cat?post=7203"},{"taxonomy":"product_tag","embeddable":true,"href":"https:\/\/sapachat.com\/index.php\/wp-json\/wp\/v2\/product_tag?post=7203"}],"curies":[{"name":"wp","href":"https:\/\/api.w.org\/{rel}","templated":true}]}}