{"id":7196,"date":"2025-08-05T18:44:56","date_gmt":"2025-08-05T16:44:56","guid":{"rendered":"https:\/\/sapachat.com\/?post_type=product&#038;p=7196"},"modified":"2025-11-18T08:17:59","modified_gmt":"2025-11-18T07:17:59","slug":"gourde-en-plastique","status":"publish","type":"product","link":"https:\/\/sapachat.com\/index.php\/produit\/gourde-en-plastique\/","title":{"rendered":"Gourde en Plastique"},"content":{"rendered":"<p>&nbsp;<\/p>\n<p data-start=\"142\" data-end=\"401\">Optez pour un style color\u00e9 et pratique avec les bouteilles &#8220;MY BOTTLE&#8221;. Fabriqu\u00e9es en plastique, ces bouteilles sont l\u00e9g\u00e8res, durables et respectueuses de votre sant\u00e9. Dot\u00e9es d\u2019un bouchon s\u00e9curis\u00e9 avec poign\u00e9e int\u00e9gr\u00e9e et d\u2019une dragonne assortie, elles sont parfaites pour vous accompagner au sport, au bureau ou en balade. Leur design ergonomique permet une bonne prise en main, et leur look moderne ajoutera une touche tendance \u00e0 votre quotidien.<\/p>\n","protected":false},"excerpt":{"rendered":"<p>Optez pour un style color\u00e9 et pratique avec les bouteilles &#8220;MY BOTTLE&#8221;. Fabriqu\u00e9es en plastique, ces bouteilles sont l\u00e9g\u00e8res, durables et respectueuses de votre sant\u00e9. Dot\u00e9es d\u2019un bouchon s\u00e9curis\u00e9 avec poign\u00e9e int\u00e9gr\u00e9e et d\u2019une dragonne assortie, elles sont parfaites pour vous accompagner au sport, au bureau ou en balade. Leur design ergonomique permet une bonne prise en main, et leur look moderne ajoutera une touche tendance \u00e0 votre quotidien.<\/p>\n","protected":false},"featured_media":7202,"comment_status":"open","ping_status":"closed","template":"","meta":{"_acf_changed":false},"product_brand":[],"product_cat":[247],"product_tag":[],"class_list":{"0":"post-7196","1":"product","2":"type-product","3":"status-publish","4":"has-post-thumbnail","6":"product_cat-aliments","8":"first","9":"instock","10":"sale","11":"downloadable","12":"virtual","13":"sold-individually","14":"purchasable","15":"product-type-simple"},"acf":[],"_links":{"self":[{"href":"https:\/\/sapachat.com\/index.php\/wp-json\/wp\/v2\/product\/7196","targetHints":{"allow":["GET"]}}],"collection":[{"href":"https:\/\/sapachat.com\/index.php\/wp-json\/wp\/v2\/product"}],"about":[{"href":"https:\/\/sapachat.com\/index.php\/wp-json\/wp\/v2\/types\/product"}],"replies":[{"embeddable":true,"href":"https:\/\/sapachat.com\/index.php\/wp-json\/wp\/v2\/comments?post=7196"}],"wp:featuredmedia":[{"embeddable":true,"href":"https:\/\/sapachat.com\/index.php\/wp-json\/wp\/v2\/media\/7202"}],"wp:attachment":[{"href":"https:\/\/sapachat.com\/index.php\/wp-json\/wp\/v2\/media?parent=7196"}],"wp:term":[{"taxonomy":"product_brand","embeddable":true,"href":"https:\/\/sapachat.com\/index.php\/wp-json\/wp\/v2\/product_brand?post=7196"},{"taxonomy":"product_cat","embeddable":true,"href":"https:\/\/sapachat.com\/index.php\/wp-json\/wp\/v2\/product_cat?post=7196"},{"taxonomy":"product_tag","embeddable":true,"href":"https:\/\/sapachat.com\/index.php\/wp-json\/wp\/v2\/product_tag?post=7196"}],"curies":[{"name":"wp","href":"https:\/\/api.w.org\/{rel}","templated":true}]}}