{"id":7166,"date":"2025-08-05T13:44:11","date_gmt":"2025-08-05T11:44:11","guid":{"rendered":"https:\/\/sapachat.com\/?post_type=product&#038;p=7166"},"modified":"2025-10-03T11:18:53","modified_gmt":"2025-10-03T09:18:53","slug":"tasse-en-verre-avec-couvercle-cuillere","status":"publish","type":"product","link":"https:\/\/sapachat.com\/index.php\/produit\/tasse-en-verre-avec-couvercle-cuillere\/","title":{"rendered":"Tasse en verre avec couvercle + cuill\u00e8re"},"content":{"rendered":"<p>Tasse en verre transparente avec couvercle + cuill\u00e8re, id\u00e9ale pour savourer vos boissons chaudes ou froides.\u00a0 Parfaite pour le th\u00e9,\u00a0 le lait, les juis,\u00a0 le caf\u00e9 ou les infusions. Pratique et \u00e9l\u00e9gante, elle garde la chaleur vos boissons \u00e0 une bonne temp\u00e9rature.<\/p>\n","protected":false},"excerpt":{"rendered":"<p>Tasse en verre transparente avec couvercle + cuill\u00e8re, id\u00e9ale pour savourer vos boissons chaudes ou froides.\u00a0 Parfaite pour le th\u00e9,\u00a0 le lait, les juis, le chocolat,\u00a0 le caf\u00e9 ou les infusions.<\/p>\n","protected":false},"featured_media":7173,"comment_status":"open","ping_status":"closed","template":"","meta":{"_acf_changed":false},"product_brand":[],"product_cat":[247],"product_tag":[],"class_list":{"0":"post-7166","1":"product","2":"type-product","3":"status-publish","4":"has-post-thumbnail","6":"product_cat-aliments","8":"first","9":"instock","10":"sale","11":"downloadable","12":"virtual","13":"sold-individually","14":"purchasable","15":"product-type-simple"},"acf":[],"_links":{"self":[{"href":"https:\/\/sapachat.com\/index.php\/wp-json\/wp\/v2\/product\/7166","targetHints":{"allow":["GET"]}}],"collection":[{"href":"https:\/\/sapachat.com\/index.php\/wp-json\/wp\/v2\/product"}],"about":[{"href":"https:\/\/sapachat.com\/index.php\/wp-json\/wp\/v2\/types\/product"}],"replies":[{"embeddable":true,"href":"https:\/\/sapachat.com\/index.php\/wp-json\/wp\/v2\/comments?post=7166"}],"wp:featuredmedia":[{"embeddable":true,"href":"https:\/\/sapachat.com\/index.php\/wp-json\/wp\/v2\/media\/7173"}],"wp:attachment":[{"href":"https:\/\/sapachat.com\/index.php\/wp-json\/wp\/v2\/media?parent=7166"}],"wp:term":[{"taxonomy":"product_brand","embeddable":true,"href":"https:\/\/sapachat.com\/index.php\/wp-json\/wp\/v2\/product_brand?post=7166"},{"taxonomy":"product_cat","embeddable":true,"href":"https:\/\/sapachat.com\/index.php\/wp-json\/wp\/v2\/product_cat?post=7166"},{"taxonomy":"product_tag","embeddable":true,"href":"https:\/\/sapachat.com\/index.php\/wp-json\/wp\/v2\/product_tag?post=7166"}],"curies":[{"name":"wp","href":"https:\/\/api.w.org\/{rel}","templated":true}]}}