{"id":7155,"date":"2025-08-05T12:35:51","date_gmt":"2025-08-05T10:35:51","guid":{"rendered":"https:\/\/sapachat.com\/?post_type=product&#038;p=7155"},"modified":"2025-11-18T09:41:27","modified_gmt":"2025-11-18T08:41:27","slug":"mini-machine-a-coudre","status":"publish","type":"product","link":"https:\/\/sapachat.com\/index.php\/produit\/mini-machine-a-coudre\/","title":{"rendered":"Mini-Machine \u00e0 Coudre Handy Stitch"},"content":{"rendered":"<p>Mini machine \u00e0 coudre est un petit appareil polyvalent, parfait pour les travaux de coutures simples et les retouches quotidien. Gr\u00e2ce \u00e0 son format compact et son poids l\u00e9ger, elle se transporte facilement et s&#8217;utilise partout, m\u00eame dans les petits espaces.\u00a0 L&#8217;appareil marche avec les piles.<\/p>\n","protected":false},"excerpt":{"rendered":"<p>Mini machine \u00e0 coudre est un petit appareil polyvalent, parfait pour les travaux de coutures et les retouches quotidien. L&#8217;appareil marche avec les piles.<\/p>\n","protected":false},"featured_media":7165,"comment_status":"open","ping_status":"closed","template":"","meta":{"_acf_changed":false},"product_brand":[],"product_cat":[242],"product_tag":[18,21],"class_list":{"0":"post-7155","1":"product","2":"type-product","3":"status-publish","4":"has-post-thumbnail","6":"product_cat-electromenagers","7":"product_tag-fast","8":"product_tag-strong","10":"first","11":"instock","12":"sale","13":"downloadable","14":"virtual","15":"sold-individually","16":"purchasable","17":"product-type-simple"},"acf":[],"_links":{"self":[{"href":"https:\/\/sapachat.com\/index.php\/wp-json\/wp\/v2\/product\/7155","targetHints":{"allow":["GET"]}}],"collection":[{"href":"https:\/\/sapachat.com\/index.php\/wp-json\/wp\/v2\/product"}],"about":[{"href":"https:\/\/sapachat.com\/index.php\/wp-json\/wp\/v2\/types\/product"}],"replies":[{"embeddable":true,"href":"https:\/\/sapachat.com\/index.php\/wp-json\/wp\/v2\/comments?post=7155"}],"wp:featuredmedia":[{"embeddable":true,"href":"https:\/\/sapachat.com\/index.php\/wp-json\/wp\/v2\/media\/7165"}],"wp:attachment":[{"href":"https:\/\/sapachat.com\/index.php\/wp-json\/wp\/v2\/media?parent=7155"}],"wp:term":[{"taxonomy":"product_brand","embeddable":true,"href":"https:\/\/sapachat.com\/index.php\/wp-json\/wp\/v2\/product_brand?post=7155"},{"taxonomy":"product_cat","embeddable":true,"href":"https:\/\/sapachat.com\/index.php\/wp-json\/wp\/v2\/product_cat?post=7155"},{"taxonomy":"product_tag","embeddable":true,"href":"https:\/\/sapachat.com\/index.php\/wp-json\/wp\/v2\/product_tag?post=7155"}],"curies":[{"name":"wp","href":"https:\/\/api.w.org\/{rel}","templated":true}]}}