{"id":6875,"date":"2025-07-22T19:54:33","date_gmt":"2025-07-22T17:54:33","guid":{"rendered":"https:\/\/sapachat.com\/?post_type=product&#038;p=6875"},"modified":"2025-11-18T05:57:00","modified_gmt":"2025-11-18T04:57:00","slug":"chaussures","status":"publish","type":"product","link":"https:\/\/sapachat.com\/index.php\/produit\/chaussures\/","title":{"rendered":"Chaussures"},"content":{"rendered":"<p>qualit\u00e9 irr\u00e9prochable mati\u00e8re : gomme<\/p>\n","protected":false},"excerpt":{"rendered":"<p><em>qualit\u00e9 irr\u00e9prochable mati\u00e8re : gomme<\/em><\/p>\n","protected":false},"featured_media":6876,"comment_status":"open","ping_status":"closed","template":"","meta":{"_acf_changed":false},"product_brand":[],"product_cat":[243],"product_tag":[18,21],"class_list":{"0":"post-6875","1":"product","2":"type-product","3":"status-publish","4":"has-post-thumbnail","6":"product_cat-modes","7":"product_tag-fast","8":"product_tag-strong","10":"first","11":"instock","12":"sale","13":"virtual","14":"sold-individually","15":"purchasable","16":"product-type-simple"},"acf":[],"_links":{"self":[{"href":"https:\/\/sapachat.com\/index.php\/wp-json\/wp\/v2\/product\/6875","targetHints":{"allow":["GET"]}}],"collection":[{"href":"https:\/\/sapachat.com\/index.php\/wp-json\/wp\/v2\/product"}],"about":[{"href":"https:\/\/sapachat.com\/index.php\/wp-json\/wp\/v2\/types\/product"}],"replies":[{"embeddable":true,"href":"https:\/\/sapachat.com\/index.php\/wp-json\/wp\/v2\/comments?post=6875"}],"wp:featuredmedia":[{"embeddable":true,"href":"https:\/\/sapachat.com\/index.php\/wp-json\/wp\/v2\/media\/6876"}],"wp:attachment":[{"href":"https:\/\/sapachat.com\/index.php\/wp-json\/wp\/v2\/media?parent=6875"}],"wp:term":[{"taxonomy":"product_brand","embeddable":true,"href":"https:\/\/sapachat.com\/index.php\/wp-json\/wp\/v2\/product_brand?post=6875"},{"taxonomy":"product_cat","embeddable":true,"href":"https:\/\/sapachat.com\/index.php\/wp-json\/wp\/v2\/product_cat?post=6875"},{"taxonomy":"product_tag","embeddable":true,"href":"https:\/\/sapachat.com\/index.php\/wp-json\/wp\/v2\/product_tag?post=6875"}],"curies":[{"name":"wp","href":"https:\/\/api.w.org\/{rel}","templated":true}]}}