{"id":6455,"date":"2025-07-17T16:34:25","date_gmt":"2025-07-17T14:34:25","guid":{"rendered":"https:\/\/sapachat.com\/?post_type=product&#038;p=6455"},"modified":"2025-07-17T18:03:30","modified_gmt":"2025-07-17T16:03:30","slug":"poele-a-bois-de-chauffage","status":"publish","type":"product","link":"https:\/\/sapachat.com\/index.php\/produit\/poele-a-bois-de-chauffage\/","title":{"rendered":"Po\u00eale \u00e0 bois de chauffage"},"content":{"rendered":"<p>Po\u00eale \u00e0 bois de chauffage domestique multifonctionnelle en acier inoxydable, aliment\u00e9 manuellement, pour pique-nique, utilisation en ext\u00e9rieur<\/p>\n","protected":false},"excerpt":{"rendered":"<blockquote>\n<p style=\"text-align: right\">Po\u00eale \u00e0 bois de chauffage domestique multifonctionnelle en acier inoxydable, aliment\u00e9 manuellement, pour pique-nique, utilisation en ext\u00e9rieur<\/p>\n<\/blockquote>\n","protected":false},"featured_media":6452,"comment_status":"open","ping_status":"closed","template":"","meta":{"_acf_changed":false},"product_brand":[],"product_cat":[242],"product_tag":[18],"class_list":{"0":"post-6455","1":"product","2":"type-product","3":"status-publish","4":"has-post-thumbnail","6":"product_cat-electromenagers","7":"product_tag-fast","9":"first","10":"instock","11":"sale","12":"virtual","13":"sold-individually","14":"purchasable","15":"product-type-simple"},"acf":[],"_links":{"self":[{"href":"https:\/\/sapachat.com\/index.php\/wp-json\/wp\/v2\/product\/6455","targetHints":{"allow":["GET"]}}],"collection":[{"href":"https:\/\/sapachat.com\/index.php\/wp-json\/wp\/v2\/product"}],"about":[{"href":"https:\/\/sapachat.com\/index.php\/wp-json\/wp\/v2\/types\/product"}],"replies":[{"embeddable":true,"href":"https:\/\/sapachat.com\/index.php\/wp-json\/wp\/v2\/comments?post=6455"}],"wp:featuredmedia":[{"embeddable":true,"href":"https:\/\/sapachat.com\/index.php\/wp-json\/wp\/v2\/media\/6452"}],"wp:attachment":[{"href":"https:\/\/sapachat.com\/index.php\/wp-json\/wp\/v2\/media?parent=6455"}],"wp:term":[{"taxonomy":"product_brand","embeddable":true,"href":"https:\/\/sapachat.com\/index.php\/wp-json\/wp\/v2\/product_brand?post=6455"},{"taxonomy":"product_cat","embeddable":true,"href":"https:\/\/sapachat.com\/index.php\/wp-json\/wp\/v2\/product_cat?post=6455"},{"taxonomy":"product_tag","embeddable":true,"href":"https:\/\/sapachat.com\/index.php\/wp-json\/wp\/v2\/product_tag?post=6455"}],"curies":[{"name":"wp","href":"https:\/\/api.w.org\/{rel}","templated":true}]}}