{"id":6384,"date":"2025-07-16T17:26:05","date_gmt":"2025-07-16T15:26:05","guid":{"rendered":"https:\/\/sapachat.com\/?post_type=product&#038;p=6384"},"modified":"2025-07-16T17:30:50","modified_gmt":"2025-07-16T15:30:50","slug":"hp-elitebook-8th-generation","status":"publish","type":"product","link":"https:\/\/sapachat.com\/index.php\/produit\/hp-elitebook-8th-generation\/","title":{"rendered":"HP Elitebook 8th G\u00e9n\u00e9ration"},"content":{"rendered":"<p>PC HP Desktop-GGQC8F1 &#8211; Core i5 \/ 8Go RAM \/ 256Go SSD 8th g\u00e9n\u00e9ration\/ clavier lumineux\/ Empreinte Digitale.<\/p>\n<p>&nbsp;<\/p>\n<p>Ce PC HP est parfait pour les t\u00e2ches bureautiques, les \u00e9tudes, la navigation internet et m\u00eame certains logiciels professionnels. Il est \u00e9quip\u00e9 d\u2019un processeur Intel Core i5, de 8Go de RAM pour une bonne fluidit\u00e9, et d\u2019un disque SSD de 256Go qui assure un d\u00e9marrage rapide et un stockage s\u00e9curis\u00e9. C\u2019est une solution fiable et \u00e9conomique pour un usage quotidien<\/p>\n","protected":false},"excerpt":{"rendered":"<p>PC HP Desktop-GGQC8F1 &#8211; Core i5 \/ 8Go RAM \/ 256Go SSD 8th g\u00e9n\u00e9ration\/ clavier lumineux\/ Empreinte Digitale. &nbsp; Ce PC HP est parfait pour les t\u00e2ches bureautiques, les \u00e9tudes,<\/p>\n","protected":false},"featured_media":6387,"comment_status":"open","ping_status":"closed","template":"","meta":{"_acf_changed":false},"product_brand":[],"product_cat":[249],"product_tag":[18],"class_list":{"0":"post-6384","1":"product","2":"type-product","3":"status-publish","4":"has-post-thumbnail","6":"product_cat-informatiques","7":"product_tag-fast","9":"first","10":"instock","11":"sale","12":"virtual","13":"sold-individually","14":"purchasable","15":"product-type-simple"},"acf":[],"_links":{"self":[{"href":"https:\/\/sapachat.com\/index.php\/wp-json\/wp\/v2\/product\/6384","targetHints":{"allow":["GET"]}}],"collection":[{"href":"https:\/\/sapachat.com\/index.php\/wp-json\/wp\/v2\/product"}],"about":[{"href":"https:\/\/sapachat.com\/index.php\/wp-json\/wp\/v2\/types\/product"}],"replies":[{"embeddable":true,"href":"https:\/\/sapachat.com\/index.php\/wp-json\/wp\/v2\/comments?post=6384"}],"wp:featuredmedia":[{"embeddable":true,"href":"https:\/\/sapachat.com\/index.php\/wp-json\/wp\/v2\/media\/6387"}],"wp:attachment":[{"href":"https:\/\/sapachat.com\/index.php\/wp-json\/wp\/v2\/media?parent=6384"}],"wp:term":[{"taxonomy":"product_brand","embeddable":true,"href":"https:\/\/sapachat.com\/index.php\/wp-json\/wp\/v2\/product_brand?post=6384"},{"taxonomy":"product_cat","embeddable":true,"href":"https:\/\/sapachat.com\/index.php\/wp-json\/wp\/v2\/product_cat?post=6384"},{"taxonomy":"product_tag","embeddable":true,"href":"https:\/\/sapachat.com\/index.php\/wp-json\/wp\/v2\/product_tag?post=6384"}],"curies":[{"name":"wp","href":"https:\/\/api.w.org\/{rel}","templated":true}]}}