{"id":6378,"date":"2025-07-16T16:55:52","date_gmt":"2025-07-16T14:55:52","guid":{"rendered":"https:\/\/sapachat.com\/?post_type=product&#038;p=6378"},"modified":"2025-08-12T07:49:09","modified_gmt":"2025-08-12T05:49:09","slug":"hp-elitebook-i5-512go","status":"publish","type":"product","link":"https:\/\/sapachat.com\/index.php\/produit\/hp-elitebook-i5-512go\/","title":{"rendered":"Hp Elitebook i5 512Go"},"content":{"rendered":"","protected":false},"excerpt":{"rendered":"<p>PC HP EliteBook Desktop-5O2T0G5<\/p>\n<p>Processeur Intel Core i5, id\u00e9al pour les t\u00e2ches bureautiques, multim\u00e9dia et professionnelles. Il dispose d\u2019un espace de stockage de 512 Go, suffisant pour stocker vos fichiers, documents, vid\u00e9os et logiciels sans ralentissement. Con\u00e7u pour une performance fluide, ce PC est adapt\u00e9 aussi bien aux \u00e9tudiants qu\u2019aux professionnels. Son design sobre et compact s\u2019int\u00e8gre facilement dans tous les environnements de travail.<\/p>\n<p>&nbsp;<\/p>\n","protected":false},"featured_media":6383,"comment_status":"open","ping_status":"closed","template":"","meta":{"_acf_changed":false},"product_brand":[],"product_cat":[249],"product_tag":[],"class_list":{"0":"post-6378","1":"product","2":"type-product","3":"status-publish","4":"has-post-thumbnail","6":"product_cat-informatiques","8":"first","9":"instock","10":"sale","11":"virtual","12":"sold-individually","13":"purchasable","14":"product-type-simple"},"acf":[],"_links":{"self":[{"href":"https:\/\/sapachat.com\/index.php\/wp-json\/wp\/v2\/product\/6378","targetHints":{"allow":["GET"]}}],"collection":[{"href":"https:\/\/sapachat.com\/index.php\/wp-json\/wp\/v2\/product"}],"about":[{"href":"https:\/\/sapachat.com\/index.php\/wp-json\/wp\/v2\/types\/product"}],"replies":[{"embeddable":true,"href":"https:\/\/sapachat.com\/index.php\/wp-json\/wp\/v2\/comments?post=6378"}],"wp:featuredmedia":[{"embeddable":true,"href":"https:\/\/sapachat.com\/index.php\/wp-json\/wp\/v2\/media\/6383"}],"wp:attachment":[{"href":"https:\/\/sapachat.com\/index.php\/wp-json\/wp\/v2\/media?parent=6378"}],"wp:term":[{"taxonomy":"product_brand","embeddable":true,"href":"https:\/\/sapachat.com\/index.php\/wp-json\/wp\/v2\/product_brand?post=6378"},{"taxonomy":"product_cat","embeddable":true,"href":"https:\/\/sapachat.com\/index.php\/wp-json\/wp\/v2\/product_cat?post=6378"},{"taxonomy":"product_tag","embeddable":true,"href":"https:\/\/sapachat.com\/index.php\/wp-json\/wp\/v2\/product_tag?post=6378"}],"curies":[{"name":"wp","href":"https:\/\/api.w.org\/{rel}","templated":true}]}}