{"id":6168,"date":"2025-07-11T13:07:24","date_gmt":"2025-07-11T11:07:24","guid":{"rendered":"https:\/\/sapachat.com\/?post_type=product&#038;p=6168"},"modified":"2025-10-03T09:48:55","modified_gmt":"2025-10-03T07:48:55","slug":"jordan-1-montante","status":"publish","type":"product","link":"https:\/\/sapachat.com\/index.php\/produit\/jordan-1-montante\/","title":{"rendered":"Jordan 1 montante"},"content":{"rendered":"<p>Chic et tendance pour agr\u00e9menter vos sorties<\/p>\n","protected":false},"excerpt":{"rendered":"<p>Chaussures de ville \ud83d\udc5e<br \/>\nPour rendre vos sorties sp\u00e9ciales et \u00e9l\u00e9gantes, misez sur le style et le confort !<\/p>\n<p>\ud83d\udccf Pointures disponibles : 40 \u00e0 45<br \/>\n\u2728 Id\u00e9ales pour toutes vos occasions : sorties, rendez-vous, c\u00e9r\u00e9monies\u2026<\/p>\n<p>\ud83d\udcde Commandez d\u00e8s maintenant !<\/p>\n","protected":false},"featured_media":6169,"comment_status":"open","ping_status":"closed","template":"","meta":{"_acf_changed":false},"product_brand":[],"product_cat":[243],"product_tag":[18],"class_list":{"0":"post-6168","1":"product","2":"type-product","3":"status-publish","4":"has-post-thumbnail","6":"product_cat-modes","7":"product_tag-fast","9":"first","10":"instock","11":"sale","12":"virtual","13":"sold-individually","14":"purchasable","15":"product-type-simple"},"acf":[],"_links":{"self":[{"href":"https:\/\/sapachat.com\/index.php\/wp-json\/wp\/v2\/product\/6168","targetHints":{"allow":["GET"]}}],"collection":[{"href":"https:\/\/sapachat.com\/index.php\/wp-json\/wp\/v2\/product"}],"about":[{"href":"https:\/\/sapachat.com\/index.php\/wp-json\/wp\/v2\/types\/product"}],"replies":[{"embeddable":true,"href":"https:\/\/sapachat.com\/index.php\/wp-json\/wp\/v2\/comments?post=6168"}],"wp:featuredmedia":[{"embeddable":true,"href":"https:\/\/sapachat.com\/index.php\/wp-json\/wp\/v2\/media\/6169"}],"wp:attachment":[{"href":"https:\/\/sapachat.com\/index.php\/wp-json\/wp\/v2\/media?parent=6168"}],"wp:term":[{"taxonomy":"product_brand","embeddable":true,"href":"https:\/\/sapachat.com\/index.php\/wp-json\/wp\/v2\/product_brand?post=6168"},{"taxonomy":"product_cat","embeddable":true,"href":"https:\/\/sapachat.com\/index.php\/wp-json\/wp\/v2\/product_cat?post=6168"},{"taxonomy":"product_tag","embeddable":true,"href":"https:\/\/sapachat.com\/index.php\/wp-json\/wp\/v2\/product_tag?post=6168"}],"curies":[{"name":"wp","href":"https:\/\/api.w.org\/{rel}","templated":true}]}}