{"id":6100,"date":"2025-07-10T16:04:35","date_gmt":"2025-07-10T14:04:35","guid":{"rendered":"https:\/\/sapachat.com\/?post_type=product&#038;p=6100"},"modified":"2025-07-10T16:26:16","modified_gmt":"2025-07-10T14:26:16","slug":"vintage-hawaii","status":"publish","type":"product","link":"https:\/\/sapachat.com\/index.php\/produit\/vintage-hawaii\/","title":{"rendered":"Vintage Hawaii"},"content":{"rendered":"<p>Je suis \u00e0 Sicogi Yopougon, pr\u00e8s de la Pharmacie St Andr\u00e9.<\/p>\n","protected":false},"excerpt":{"rendered":"<p>Bienvenue dans notre boutique !<\/p>\n<p>Nous vous proposons une collection unique de :<\/p>\n<p>&nbsp;<\/p>\n<p>\ud83c\udf3a Chemises Vintage Hawa\u00efennes \u2013 color\u00e9es, l\u00e9g\u00e8res et parfaites pour un style d\u00e9contract\u00e9.<\/p>\n<p>\ud83d\udc56 Pantalons Palazzo \u2013 \u00e9l\u00e9gants, confortables et adapt\u00e9s \u00e0 toutes les occasions.<\/p>\n<p>\ud83e\udde5 Tenues Tunique pour hommes \u2013 chic, modernes et con\u00e7ues avec soin pour un look distingu\u00e9.<\/p>\n<p>&nbsp;<\/p>\n<p>\ud83d\udd39 Qualit\u00e9 garantie<\/p>\n<p>\ud83d\udd39 Styles tendance<\/p>\n<p>\ud83d\udd39 Livraison disponible<\/p>\n","protected":false},"featured_media":6120,"comment_status":"open","ping_status":"closed","template":"","meta":{"_acf_changed":false},"product_brand":[],"product_cat":[243],"product_tag":[18],"class_list":{"0":"post-6100","1":"product","2":"type-product","3":"status-publish","4":"has-post-thumbnail","6":"product_cat-modes","7":"product_tag-fast","9":"first","10":"instock","11":"sale","12":"virtual","13":"sold-individually","14":"purchasable","15":"product-type-simple"},"acf":[],"_links":{"self":[{"href":"https:\/\/sapachat.com\/index.php\/wp-json\/wp\/v2\/product\/6100","targetHints":{"allow":["GET"]}}],"collection":[{"href":"https:\/\/sapachat.com\/index.php\/wp-json\/wp\/v2\/product"}],"about":[{"href":"https:\/\/sapachat.com\/index.php\/wp-json\/wp\/v2\/types\/product"}],"replies":[{"embeddable":true,"href":"https:\/\/sapachat.com\/index.php\/wp-json\/wp\/v2\/comments?post=6100"}],"wp:featuredmedia":[{"embeddable":true,"href":"https:\/\/sapachat.com\/index.php\/wp-json\/wp\/v2\/media\/6120"}],"wp:attachment":[{"href":"https:\/\/sapachat.com\/index.php\/wp-json\/wp\/v2\/media?parent=6100"}],"wp:term":[{"taxonomy":"product_brand","embeddable":true,"href":"https:\/\/sapachat.com\/index.php\/wp-json\/wp\/v2\/product_brand?post=6100"},{"taxonomy":"product_cat","embeddable":true,"href":"https:\/\/sapachat.com\/index.php\/wp-json\/wp\/v2\/product_cat?post=6100"},{"taxonomy":"product_tag","embeddable":true,"href":"https:\/\/sapachat.com\/index.php\/wp-json\/wp\/v2\/product_tag?post=6100"}],"curies":[{"name":"wp","href":"https:\/\/api.w.org\/{rel}","templated":true}]}}