{"id":5951,"date":"2025-07-03T21:16:36","date_gmt":"2025-07-03T19:16:36","guid":{"rendered":"https:\/\/sapachat.com\/?post_type=product&#038;p=5951"},"modified":"2025-07-03T21:28:07","modified_gmt":"2025-07-03T19:28:07","slug":"espace-savoir-e-commerce","status":"publish","type":"product","link":"https:\/\/sapachat.com\/index.php\/produit\/espace-savoir-e-commerce\/","title":{"rendered":"Espace Savoir E-commerce"},"content":{"rendered":"<p>HIH BUCCO-DENTAIRE\u2013 Le Secret Naturel d\u2019un Sourire \u00c9blouissant !<\/p>\n<p>&nbsp;<\/p>\n<p>D\u00e9couvrez HIH BUCCO-DENTAIRE, le dentifrice en poudre r\u00e9volutionnaire qui redonne \u00e9clat et fra\u00eecheur \u00e0 votre sourire d\u00e8s les premi\u00e8res utilisations !<\/p>\n<p>&nbsp;<\/p>\n<p>Pourquoi l\u2019adopter ?<\/p>\n<p>&nbsp;<\/p>\n<p>Blanchit naturellement les dents<\/p>\n<p>&nbsp;<\/p>\n<p>\u00c9limine les tartres tenaces et les taches caus\u00e9es par le caf\u00e9, le th\u00e9 ou le tabac<\/p>\n<p>&nbsp;<\/p>\n<p>100% naturel, sans fluor ni produits chimiques agressifs<\/p>\n<p>&nbsp;<\/p>\n<p>Rafra\u00eechit l\u2019haleine et respecte l\u2019\u00e9mail dentaire<\/p>\n<p>&nbsp;<\/p>\n<p>Facile \u00e0 utiliser !<\/p>\n<p>Humidifiez votre brosse, trempez-la dans la poudre et brossez. En quelques jours, votre sourire parle pour vous !<\/p>\n<p>&nbsp;<\/p>\n<p>HIH BUCCO-DENTAIRE\u2013 La poudre magique pour des dents blanches et saines !<\/p>\n","protected":false},"excerpt":{"rendered":"<p>HIH BUCCO-DENTAIRE\u2013 Le Secret Naturel d\u2019un Sourire \u00c9blouissant ! &nbsp; D\u00e9couvrez HIH BUCCO-DENTAIRE, le dentifrice en poudre r\u00e9volutionnaire qui redonne \u00e9clat et fra\u00eecheur \u00e0 votre sourire d\u00e8s les premi\u00e8res utilisations<\/p>\n","protected":false},"featured_media":5757,"comment_status":"open","ping_status":"closed","template":"","meta":{"_acf_changed":false},"product_brand":[],"product_cat":[15],"product_tag":[],"class_list":{"0":"post-5951","1":"product","2":"type-product","3":"status-publish","4":"has-post-thumbnail","6":"product_cat-non-classe","8":"first","9":"instock","10":"sale","11":"virtual","12":"purchasable","13":"product-type-simple"},"acf":[],"_links":{"self":[{"href":"https:\/\/sapachat.com\/index.php\/wp-json\/wp\/v2\/product\/5951","targetHints":{"allow":["GET"]}}],"collection":[{"href":"https:\/\/sapachat.com\/index.php\/wp-json\/wp\/v2\/product"}],"about":[{"href":"https:\/\/sapachat.com\/index.php\/wp-json\/wp\/v2\/types\/product"}],"replies":[{"embeddable":true,"href":"https:\/\/sapachat.com\/index.php\/wp-json\/wp\/v2\/comments?post=5951"}],"wp:featuredmedia":[{"embeddable":true,"href":"https:\/\/sapachat.com\/index.php\/wp-json\/wp\/v2\/media\/5757"}],"wp:attachment":[{"href":"https:\/\/sapachat.com\/index.php\/wp-json\/wp\/v2\/media?parent=5951"}],"wp:term":[{"taxonomy":"product_brand","embeddable":true,"href":"https:\/\/sapachat.com\/index.php\/wp-json\/wp\/v2\/product_brand?post=5951"},{"taxonomy":"product_cat","embeddable":true,"href":"https:\/\/sapachat.com\/index.php\/wp-json\/wp\/v2\/product_cat?post=5951"},{"taxonomy":"product_tag","embeddable":true,"href":"https:\/\/sapachat.com\/index.php\/wp-json\/wp\/v2\/product_tag?post=5951"}],"curies":[{"name":"wp","href":"https:\/\/api.w.org\/{rel}","templated":true}]}}