{"id":11760,"date":"2026-03-07T11:11:42","date_gmt":"2026-03-07T10:11:42","guid":{"rendered":"https:\/\/sapachat.com\/?post_type=product&#038;p=11760"},"modified":"2026-03-07T11:16:29","modified_gmt":"2026-03-07T10:16:29","slug":"tv-tactile","status":"publish","type":"product","link":"https:\/\/sapachat.com\/index.php\/produit\/tv-tactile\/","title":{"rendered":"TV TACTILE"},"content":{"rendered":"<p>FABRICANT CHINE<\/p>\n<p>Ce tableau intelligent plat interactif LCD 4K pr\u00e9sente un \u00e9cran de 65 pouces avec une technologie tactile infrarouge \u00e0 10 points, des options d&#8217;ordinateur int\u00e9gr\u00e9 (processeurs i3\/i5\/i7) et un syst\u00e8me d&#8217;exploitation Android ou Windows. Il prend en charge diverses applications dans les domaines des affaires, de l&#8217;\u00e9ducation et de la formation, offrant un cadre en alliage d&#8217;aluminium pour plus de durabilit\u00e9. Il dispose de la certification CE garantissant des normes de qualit\u00e9.<\/p>\n","protected":false},"excerpt":{"rendered":"<p>FABRICANT CHINE<\/p>\n<p>Ce tableau intelligent plat interactif LCD 4K pr\u00e9sente un \u00e9cran de 65 pouces avec une technologie tactile infrarouge \u00e0 10 points, des options d&#8217;ordinateur int\u00e9gr\u00e9 (processeurs i3\/i5\/i7) et un syst\u00e8me d&#8217;exploitation Android ou Windows. Il prend en charge diverses applications dans les domaines des affaires, de l&#8217;\u00e9ducation et de la formation, offrant un cadre en alliage d&#8217;aluminium pour plus de durabilit\u00e9. Il dispose de la certification CE garantissant des normes de qualit\u00e9.<\/p>\n","protected":false},"featured_media":11761,"comment_status":"open","ping_status":"closed","template":"","meta":{"_acf_changed":false},"product_brand":[],"product_cat":[242],"product_tag":[18],"class_list":{"0":"post-11760","1":"product","2":"type-product","3":"status-publish","4":"has-post-thumbnail","6":"product_cat-electromenagers","7":"product_tag-fast","9":"first","10":"instock","11":"sale","12":"downloadable","13":"virtual","14":"purchasable","15":"product-type-simple"},"acf":[],"_links":{"self":[{"href":"https:\/\/sapachat.com\/index.php\/wp-json\/wp\/v2\/product\/11760","targetHints":{"allow":["GET"]}}],"collection":[{"href":"https:\/\/sapachat.com\/index.php\/wp-json\/wp\/v2\/product"}],"about":[{"href":"https:\/\/sapachat.com\/index.php\/wp-json\/wp\/v2\/types\/product"}],"replies":[{"embeddable":true,"href":"https:\/\/sapachat.com\/index.php\/wp-json\/wp\/v2\/comments?post=11760"}],"wp:featuredmedia":[{"embeddable":true,"href":"https:\/\/sapachat.com\/index.php\/wp-json\/wp\/v2\/media\/11761"}],"wp:attachment":[{"href":"https:\/\/sapachat.com\/index.php\/wp-json\/wp\/v2\/media?parent=11760"}],"wp:term":[{"taxonomy":"product_brand","embeddable":true,"href":"https:\/\/sapachat.com\/index.php\/wp-json\/wp\/v2\/product_brand?post=11760"},{"taxonomy":"product_cat","embeddable":true,"href":"https:\/\/sapachat.com\/index.php\/wp-json\/wp\/v2\/product_cat?post=11760"},{"taxonomy":"product_tag","embeddable":true,"href":"https:\/\/sapachat.com\/index.php\/wp-json\/wp\/v2\/product_tag?post=11760"}],"curies":[{"name":"wp","href":"https:\/\/api.w.org\/{rel}","templated":true}]}}