{"id":11708,"date":"2026-03-07T09:15:04","date_gmt":"2026-03-07T08:15:04","guid":{"rendered":"https:\/\/sapachat.com\/?post_type=product&#038;p=11708"},"modified":"2026-03-07T09:20:44","modified_gmt":"2026-03-07T08:20:44","slug":"perruque-2","status":"publish","type":"product","link":"https:\/\/sapachat.com\/index.php\/produit\/perruque-2\/","title":{"rendered":"PERRUQUE"},"content":{"rendered":"<p>CHINE VENDEUR<\/p>\n<p>3 COMMANDES MINIMUM<\/p>\n<p>Ce mod\u00e8le de perruque synth\u00e9tique \u00e0 frange en dentelle pr\u00e9sente des vagues de corps boucl\u00e9es et amples longues de 28 pouces avec une conception de calotte cousue \u00e0 la main et \u00e0 la machine. Confectionn\u00e9e \u00e0 partir de fibres synth\u00e9tiques r\u00e9sistantes aux hautes temp\u00e9ratures, elle offre une polyvalence dans le style et est disponible en couleur blond lin avec de la dentelle brun clair pour un look r\u00e9aliste. La perruque offre une densit\u00e9 de 180 % pour un aspect plein et comprend une ceinture ajustable ainsi que des pinces s\u00e9curis\u00e9es pour un ajustement confortable.<\/p>\n","protected":false},"excerpt":{"rendered":"<p>CHINE VENDEUR<\/p>\n<p>3 COMMANDES MINIMUM<\/p>\n<p>Ce mod\u00e8le de perruque synth\u00e9tique \u00e0 frange en dentelle pr\u00e9sente des vagues de corps boucl\u00e9es et amples longues de 28 pouces avec une conception de calotte cousue \u00e0 la main et \u00e0 la machine. Confectionn\u00e9e \u00e0 partir de fibres synth\u00e9tiques r\u00e9sistantes aux hautes temp\u00e9ratures, elle offre une polyvalence dans le style et est disponible en couleur blond lin avec de la dentelle brun clair pour un look r\u00e9aliste. La perruque offre une densit\u00e9 de 180 % pour un aspect plein et comprend une ceinture ajustable ainsi que des pinces s\u00e9curis\u00e9es pour un ajustement confortable.<\/p>\n","protected":false},"featured_media":11709,"comment_status":"open","ping_status":"closed","template":"","meta":{"_acf_changed":false},"product_brand":[],"product_cat":[243],"product_tag":[18],"class_list":{"0":"post-11708","1":"product","2":"type-product","3":"status-publish","4":"has-post-thumbnail","6":"product_cat-modes","7":"product_tag-fast","9":"first","10":"instock","11":"sale","12":"downloadable","13":"virtual","14":"purchasable","15":"product-type-simple"},"acf":[],"_links":{"self":[{"href":"https:\/\/sapachat.com\/index.php\/wp-json\/wp\/v2\/product\/11708","targetHints":{"allow":["GET"]}}],"collection":[{"href":"https:\/\/sapachat.com\/index.php\/wp-json\/wp\/v2\/product"}],"about":[{"href":"https:\/\/sapachat.com\/index.php\/wp-json\/wp\/v2\/types\/product"}],"replies":[{"embeddable":true,"href":"https:\/\/sapachat.com\/index.php\/wp-json\/wp\/v2\/comments?post=11708"}],"wp:featuredmedia":[{"embeddable":true,"href":"https:\/\/sapachat.com\/index.php\/wp-json\/wp\/v2\/media\/11709"}],"wp:attachment":[{"href":"https:\/\/sapachat.com\/index.php\/wp-json\/wp\/v2\/media?parent=11708"}],"wp:term":[{"taxonomy":"product_brand","embeddable":true,"href":"https:\/\/sapachat.com\/index.php\/wp-json\/wp\/v2\/product_brand?post=11708"},{"taxonomy":"product_cat","embeddable":true,"href":"https:\/\/sapachat.com\/index.php\/wp-json\/wp\/v2\/product_cat?post=11708"},{"taxonomy":"product_tag","embeddable":true,"href":"https:\/\/sapachat.com\/index.php\/wp-json\/wp\/v2\/product_tag?post=11708"}],"curies":[{"name":"wp","href":"https:\/\/api.w.org\/{rel}","templated":true}]}}