{"id":11675,"date":"2026-03-07T07:47:33","date_gmt":"2026-03-07T06:47:33","guid":{"rendered":"https:\/\/sapachat.com\/?post_type=product&#038;p=11675"},"modified":"2026-03-07T07:54:11","modified_gmt":"2026-03-07T06:54:11","slug":"costume-veste-3-pieces","status":"publish","type":"product","link":"https:\/\/sapachat.com\/index.php\/produit\/costume-veste-3-pieces\/","title":{"rendered":"COSTUME. \/ VESTE 3 PIECES"},"content":{"rendered":"<p>Ce set de costume masculin en trois pi\u00e8ces, comprenant une veste, un gilet et un pantalon, est con\u00e7u pour un port professionnel haut de gamme. Il pr\u00e9sente une coupe ajust\u00e9e, un design \u00e0 revers avec un seul bouton, et est fabriqu\u00e9 \u00e0 partir d&#8217;un mat\u00e9riau respirant en polyester\/coton, adapt\u00e9 aux saisons printani\u00e8re et automnale. Disponible en 7 couleurs et tailles allant du S au 5XL, il convient \u00e0 diverses occasions comme une tenue d\u00e9contract\u00e9e, pour des f\u00eates ou une utilisation quotidienne. Le produit prend en charge la personnalisation avec un d\u00e9lai de commande d&#8217;\u00e9chantillon de 7 jours et inclut une d\u00e9tection d&#8217;aiguilles pour garantir la qualit\u00e9<\/p>\n","protected":false},"excerpt":{"rendered":"<p>Ce set de costume masculin en trois pi\u00e8ces, comprenant une veste, un gilet et un pantalon, est con\u00e7u pour un port professionnel haut de gamme. Il pr\u00e9sente une coupe ajust\u00e9e, un design \u00e0 revers avec un seul bouton, et est fabriqu\u00e9 \u00e0 partir d&#8217;un mat\u00e9riau respirant en polyester\/coton, adapt\u00e9 aux saisons printani\u00e8re et automnale. Disponible en 7 couleurs et tailles allant du S au 5XL, il convient \u00e0 diverses occasions comme une tenue d\u00e9contract\u00e9e, pour des f\u00eates ou une utilisation quotidienne. Le produit prend en charge la personnalisation avec un d\u00e9lai de commande d&#8217;\u00e9chantillon de 7 jours et inclut une d\u00e9tection d&#8217;aiguilles pour garantir la qualit\u00e9<\/p>\n","protected":false},"featured_media":11676,"comment_status":"open","ping_status":"closed","template":"","meta":{"_acf_changed":false},"product_brand":[],"product_cat":[243],"product_tag":[18],"class_list":{"0":"post-11675","1":"product","2":"type-product","3":"status-publish","4":"has-post-thumbnail","6":"product_cat-modes","7":"product_tag-fast","9":"first","10":"instock","11":"sale","12":"downloadable","13":"virtual","14":"purchasable","15":"product-type-simple"},"acf":[],"_links":{"self":[{"href":"https:\/\/sapachat.com\/index.php\/wp-json\/wp\/v2\/product\/11675","targetHints":{"allow":["GET"]}}],"collection":[{"href":"https:\/\/sapachat.com\/index.php\/wp-json\/wp\/v2\/product"}],"about":[{"href":"https:\/\/sapachat.com\/index.php\/wp-json\/wp\/v2\/types\/product"}],"replies":[{"embeddable":true,"href":"https:\/\/sapachat.com\/index.php\/wp-json\/wp\/v2\/comments?post=11675"}],"wp:featuredmedia":[{"embeddable":true,"href":"https:\/\/sapachat.com\/index.php\/wp-json\/wp\/v2\/media\/11676"}],"wp:attachment":[{"href":"https:\/\/sapachat.com\/index.php\/wp-json\/wp\/v2\/media?parent=11675"}],"wp:term":[{"taxonomy":"product_brand","embeddable":true,"href":"https:\/\/sapachat.com\/index.php\/wp-json\/wp\/v2\/product_brand?post=11675"},{"taxonomy":"product_cat","embeddable":true,"href":"https:\/\/sapachat.com\/index.php\/wp-json\/wp\/v2\/product_cat?post=11675"},{"taxonomy":"product_tag","embeddable":true,"href":"https:\/\/sapachat.com\/index.php\/wp-json\/wp\/v2\/product_tag?post=11675"}],"curies":[{"name":"wp","href":"https:\/\/api.w.org\/{rel}","templated":true}]}}