{"id":11661,"date":"2026-03-06T17:36:35","date_gmt":"2026-03-06T16:36:35","guid":{"rendered":"https:\/\/sapachat.com\/?post_type=product&#038;p=11661"},"modified":"2026-03-06T17:43:46","modified_gmt":"2026-03-06T16:43:46","slug":"creme-bouton","status":"publish","type":"product","link":"https:\/\/sapachat.com\/index.php\/produit\/creme-bouton\/","title":{"rendered":"CREME BOUTON"},"content":{"rendered":"<p>Cr\u00e8me pour le visage \u00e0 la curcuma bio naturelle de marque priv\u00e9e 50 g, hydratant apaisant et \u00e9claircissant, cr\u00e8me pour le visage \u00e0 la curcuma MOOYAM<\/p>\n<p>Apaisant, hydratant, \u00e9claircissant, anti-\u00e2ge, anti-rides<\/p>\n","protected":false},"excerpt":{"rendered":"<p>Cr\u00e8me pour le visage \u00e0 la curcuma bio naturelle de marque priv\u00e9e 50 g, hydratant apaisant et \u00e9claircissant, cr\u00e8me pour le visage \u00e0 la curcuma MOOYAM<\/p>\n<p>Apaisant, hydratant, \u00e9claircissant, anti-\u00e2ge, anti-rides<\/p>\n","protected":false},"featured_media":11662,"comment_status":"open","ping_status":"closed","template":"","meta":{"_acf_changed":false},"product_brand":[],"product_cat":[244],"product_tag":[18],"class_list":{"0":"post-11661","1":"product","2":"type-product","3":"status-publish","4":"has-post-thumbnail","6":"product_cat-beaute","7":"product_tag-fast","9":"first","10":"instock","11":"sale","12":"downloadable","13":"virtual","14":"sold-individually","15":"purchasable","16":"product-type-simple"},"acf":[],"_links":{"self":[{"href":"https:\/\/sapachat.com\/index.php\/wp-json\/wp\/v2\/product\/11661","targetHints":{"allow":["GET"]}}],"collection":[{"href":"https:\/\/sapachat.com\/index.php\/wp-json\/wp\/v2\/product"}],"about":[{"href":"https:\/\/sapachat.com\/index.php\/wp-json\/wp\/v2\/types\/product"}],"replies":[{"embeddable":true,"href":"https:\/\/sapachat.com\/index.php\/wp-json\/wp\/v2\/comments?post=11661"}],"wp:featuredmedia":[{"embeddable":true,"href":"https:\/\/sapachat.com\/index.php\/wp-json\/wp\/v2\/media\/11662"}],"wp:attachment":[{"href":"https:\/\/sapachat.com\/index.php\/wp-json\/wp\/v2\/media?parent=11661"}],"wp:term":[{"taxonomy":"product_brand","embeddable":true,"href":"https:\/\/sapachat.com\/index.php\/wp-json\/wp\/v2\/product_brand?post=11661"},{"taxonomy":"product_cat","embeddable":true,"href":"https:\/\/sapachat.com\/index.php\/wp-json\/wp\/v2\/product_cat?post=11661"},{"taxonomy":"product_tag","embeddable":true,"href":"https:\/\/sapachat.com\/index.php\/wp-json\/wp\/v2\/product_tag?post=11661"}],"curies":[{"name":"wp","href":"https:\/\/api.w.org\/{rel}","templated":true}]}}