{"id":11631,"date":"2025-12-01T00:12:24","date_gmt":"2025-11-30T23:12:24","guid":{"rendered":"https:\/\/sapachat.com\/?post_type=product&#038;p=11631"},"modified":"2025-12-01T00:17:42","modified_gmt":"2025-11-30T23:17:42","slug":"noix-de-cajou-grillees-1-kg","status":"publish","type":"product","link":"https:\/\/sapachat.com\/index.php\/produit\/noix-de-cajou-grillees-1-kg\/","title":{"rendered":"Noix de Cajou grill\u00e9es 1 kg"},"content":{"rendered":"","protected":false},"excerpt":{"rendered":"<p>Noix de Cajou grill\u00e9es. Qualit\u00e9 premium<\/p>\n","protected":false},"featured_media":11632,"comment_status":"open","ping_status":"closed","template":"","meta":{"_acf_changed":false},"product_brand":[],"product_cat":[15],"product_tag":[],"class_list":{"0":"post-11631","1":"product","2":"type-product","3":"status-publish","4":"has-post-thumbnail","6":"product_cat-non-classe","8":"first","9":"instock","10":"sale","11":"downloadable","12":"shipping-taxable","13":"purchasable","14":"product-type-simple"},"acf":[],"_links":{"self":[{"href":"https:\/\/sapachat.com\/index.php\/wp-json\/wp\/v2\/product\/11631","targetHints":{"allow":["GET"]}}],"collection":[{"href":"https:\/\/sapachat.com\/index.php\/wp-json\/wp\/v2\/product"}],"about":[{"href":"https:\/\/sapachat.com\/index.php\/wp-json\/wp\/v2\/types\/product"}],"replies":[{"embeddable":true,"href":"https:\/\/sapachat.com\/index.php\/wp-json\/wp\/v2\/comments?post=11631"}],"wp:featuredmedia":[{"embeddable":true,"href":"https:\/\/sapachat.com\/index.php\/wp-json\/wp\/v2\/media\/11632"}],"wp:attachment":[{"href":"https:\/\/sapachat.com\/index.php\/wp-json\/wp\/v2\/media?parent=11631"}],"wp:term":[{"taxonomy":"product_brand","embeddable":true,"href":"https:\/\/sapachat.com\/index.php\/wp-json\/wp\/v2\/product_brand?post=11631"},{"taxonomy":"product_cat","embeddable":true,"href":"https:\/\/sapachat.com\/index.php\/wp-json\/wp\/v2\/product_cat?post=11631"},{"taxonomy":"product_tag","embeddable":true,"href":"https:\/\/sapachat.com\/index.php\/wp-json\/wp\/v2\/product_tag?post=11631"}],"curies":[{"name":"wp","href":"https:\/\/api.w.org\/{rel}","templated":true}]}}