{"id":11546,"date":"2025-09-18T14:57:33","date_gmt":"2025-09-18T12:57:33","guid":{"rendered":"https:\/\/sapachat.com\/?post_type=product&#038;p=11546"},"modified":"2025-09-18T15:01:29","modified_gmt":"2025-09-18T13:01:29","slug":"television-ecran-led","status":"publish","type":"product","link":"https:\/\/sapachat.com\/index.php\/produit\/television-ecran-led\/","title":{"rendered":"T\u00e9l\u00e9vision \u00e9cran LED"},"content":{"rendered":"<p><!--more-->\ud83c\udd95 Mod\u00e8le r\u00e9cent \u2013 S\u00e9rie 7 RU7100 \u2013 \u00c9cran 100% NICKEL<\/p>\n<p>\ud83d\udccc Caract\u00e9ristiques principales :<br \/>\n\u2022 Marque : Samsung<br \/>\n\u2022 Taille : 55 pouces \ud83d\udccf<br \/>\n\u2022 R\u00e9solution : 4K Ultra HD (3840 x 2160)<br \/>\n\u2022 \u00c9cran : Nano Crystal \u2013 Crystal UHD \u2013 Tizen OS<br \/>\n\u2022 Technologies :<br \/>\n\ud83d\udd38 HDR 4K<br \/>\n\ud83d\udd38 Smart Hub<br \/>\n\ud83d\udd38 Pure Coloration<br \/>\n\ud83d\udd38 Synchronisation mobile\/TV<br \/>\n\u2022 Connectivit\u00e9 :<br \/>\n\ud83d\udd38 HDMI \/ USB<br \/>\n\ud83d\udd38 Wifi int\u00e9gr\u00e9<br \/>\n\ud83d\udd38 Optical Sound<br \/>\n\ud83d\udd38 D\u00e9codeur int\u00e9gr\u00e9<br \/>\n\u2022 Applications int\u00e9gr\u00e9es :<br \/>\n\ud83d\udd38 YouTube \u2013 Netflix \u2013 Google \u2013 Facebook \u2013 etc.<br \/>\n\u2022 Sonorisation : Puissante et claire<br \/>\n\u2022 \u00c9tat : Parfait, aucune \u00e9gratignure \u2013 10\/10<\/p>\n<p>\ud83d\udee0\ufe0f Mod\u00e8le : Samsung RU7100 \u2013 S\u00e9rie 7 (mod\u00e8le r\u00e9cent)<\/p>\n<p>\ud83d\udee1\ufe0fGARANTIE INCLUSE<\/p>\n","protected":false},"excerpt":{"rendered":"\ud83c\udd95 Mod\u00e8le r\u00e9cent \u2013 S\u00e9rie 7 RU7100 \u2013 \u00c9cran 100% NICKEL \ud83d\udccc Caract\u00e9ristiques principales : \u2022 Marque : Samsung \u2022 Taille : 55 pouces \ud83d\udccf \u2022 R\u00e9solution : 4K Ultra","protected":false},"featured_media":11547,"comment_status":"open","ping_status":"closed","template":"","meta":{"_acf_changed":false},"product_brand":[],"product_cat":[249],"product_tag":[],"class_list":{"0":"post-11546","1":"product","2":"type-product","3":"status-publish","4":"has-post-thumbnail","6":"product_cat-informatiques","8":"first","9":"instock","10":"sold-individually","11":"shipping-taxable","12":"purchasable","13":"product-type-simple"},"acf":[],"_links":{"self":[{"href":"https:\/\/sapachat.com\/index.php\/wp-json\/wp\/v2\/product\/11546","targetHints":{"allow":["GET"]}}],"collection":[{"href":"https:\/\/sapachat.com\/index.php\/wp-json\/wp\/v2\/product"}],"about":[{"href":"https:\/\/sapachat.com\/index.php\/wp-json\/wp\/v2\/types\/product"}],"replies":[{"embeddable":true,"href":"https:\/\/sapachat.com\/index.php\/wp-json\/wp\/v2\/comments?post=11546"}],"wp:featuredmedia":[{"embeddable":true,"href":"https:\/\/sapachat.com\/index.php\/wp-json\/wp\/v2\/media\/11547"}],"wp:attachment":[{"href":"https:\/\/sapachat.com\/index.php\/wp-json\/wp\/v2\/media?parent=11546"}],"wp:term":[{"taxonomy":"product_brand","embeddable":true,"href":"https:\/\/sapachat.com\/index.php\/wp-json\/wp\/v2\/product_brand?post=11546"},{"taxonomy":"product_cat","embeddable":true,"href":"https:\/\/sapachat.com\/index.php\/wp-json\/wp\/v2\/product_cat?post=11546"},{"taxonomy":"product_tag","embeddable":true,"href":"https:\/\/sapachat.com\/index.php\/wp-json\/wp\/v2\/product_tag?post=11546"}],"curies":[{"name":"wp","href":"https:\/\/api.w.org\/{rel}","templated":true}]}}