{"id":11342,"date":"2025-09-02T18:50:07","date_gmt":"2025-09-02T16:50:07","guid":{"rendered":"https:\/\/sapachat.com\/?post_type=product&#038;p=11342"},"modified":"2025-09-02T18:56:48","modified_gmt":"2025-09-02T16:56:48","slug":"sac-a-dos-3","status":"publish","type":"product","link":"https:\/\/sapachat.com\/index.php\/produit\/sac-a-dos-3\/","title":{"rendered":"SAC A DOS"},"content":{"rendered":"<p>Sac \u00e0 dos pour la rentr\u00e9e scolaire tr\u00e8s confortable<\/p>\n","protected":false},"excerpt":{"rendered":"<ul>\n<li>Sac \u00e0 dos pour la rentr\u00e9e scolaire tr\u00e8s confortable<\/li>\n<\/ul>\n","protected":false},"featured_media":11343,"comment_status":"open","ping_status":"closed","template":"","meta":{"_acf_changed":false},"product_brand":[],"product_cat":[243],"product_tag":[18],"class_list":{"0":"post-11342","1":"product","2":"type-product","3":"status-publish","4":"has-post-thumbnail","6":"product_cat-modes","7":"product_tag-fast","9":"first","10":"instock","11":"sale","12":"sold-individually","13":"shipping-taxable","14":"purchasable","15":"product-type-simple"},"acf":[],"_links":{"self":[{"href":"https:\/\/sapachat.com\/index.php\/wp-json\/wp\/v2\/product\/11342","targetHints":{"allow":["GET"]}}],"collection":[{"href":"https:\/\/sapachat.com\/index.php\/wp-json\/wp\/v2\/product"}],"about":[{"href":"https:\/\/sapachat.com\/index.php\/wp-json\/wp\/v2\/types\/product"}],"replies":[{"embeddable":true,"href":"https:\/\/sapachat.com\/index.php\/wp-json\/wp\/v2\/comments?post=11342"}],"wp:featuredmedia":[{"embeddable":true,"href":"https:\/\/sapachat.com\/index.php\/wp-json\/wp\/v2\/media\/11343"}],"wp:attachment":[{"href":"https:\/\/sapachat.com\/index.php\/wp-json\/wp\/v2\/media?parent=11342"}],"wp:term":[{"taxonomy":"product_brand","embeddable":true,"href":"https:\/\/sapachat.com\/index.php\/wp-json\/wp\/v2\/product_brand?post=11342"},{"taxonomy":"product_cat","embeddable":true,"href":"https:\/\/sapachat.com\/index.php\/wp-json\/wp\/v2\/product_cat?post=11342"},{"taxonomy":"product_tag","embeddable":true,"href":"https:\/\/sapachat.com\/index.php\/wp-json\/wp\/v2\/product_tag?post=11342"}],"curies":[{"name":"wp","href":"https:\/\/api.w.org\/{rel}","templated":true}]}}