{"id":10488,"date":"2025-08-15T14:36:42","date_gmt":"2025-08-15T12:36:42","guid":{"rendered":"https:\/\/sapachat.com\/?post_type=product&#038;p=10488"},"modified":"2025-08-15T14:41:35","modified_gmt":"2025-08-15T12:41:35","slug":"mavic-pro-casi-neuf","status":"publish","type":"product","link":"https:\/\/sapachat.com\/index.php\/produit\/mavic-pro-casi-neuf\/","title":{"rendered":"MAVIC PRO (Casi neuf)"},"content":{"rendered":"","protected":false},"excerpt":{"rendered":"<p style=\"text-align: left\">MAVIC PRO 2 (KASI NEuf)<\/p>\n<p style=\"text-align: left\">\n<p style=\"text-align: left\">Incarnant parfaitement l&#8217;esprit DJI, le Mavic 2 Pro red\u00e9finit ce qui est possible pour le monde de la photographie a\u00e9rienne. Il est \u00e9quip\u00e9 de la toute nouvelle cam\u00e9ra Hasselblad L1D-20c qui est le fruit d&#8217;une collaboration soutenue entre DJI et Hasselblad. La L1D-20c utilise la technologie unique Hasselblad Natural Colour Solution (HNCS) 5 de Hasselblad qui permet de r\u00e9aliser de superbes photos a\u00e9riennes de 20 m\u00e9gapixels avec des d\u00e9tails de couleurs \u00e9poustouflants.<\/p>\n<p style=\"text-align: left\">\n<p style=\"text-align: left\">Le DJI Mavic 2 Pro peut atteindre la vitesse de 72 km\/h en mode Sport pour vous suivre dans vos exp\u00e9riences les plus extr\u00eames. Un quadricopt\u00e8re complet, performant qui vous aidera \u00e0 capturer des vid\u00e9os et images inoubliables.<\/p>\n<p style=\"text-align: left\">\n<p style=\"text-align: left\">r\u00e9alise des photos a\u00e9riennes stables et les traitent automatiquement, ce qui vous permet de cr\u00e9er des vid\u00e9os en timelapse de qualit\u00e9 professionnelle en appuyant simplement sur un bouton<\/p>\n","protected":false},"featured_media":10494,"comment_status":"open","ping_status":"closed","template":"","meta":{"_acf_changed":false},"product_brand":[],"product_cat":[15],"product_tag":[],"class_list":{"0":"post-10488","1":"product","2":"type-product","3":"status-publish","4":"has-post-thumbnail","6":"product_cat-non-classe","8":"first","9":"instock","10":"sale","11":"shipping-taxable","12":"purchasable","13":"product-type-simple"},"acf":[],"_links":{"self":[{"href":"https:\/\/sapachat.com\/index.php\/wp-json\/wp\/v2\/product\/10488","targetHints":{"allow":["GET"]}}],"collection":[{"href":"https:\/\/sapachat.com\/index.php\/wp-json\/wp\/v2\/product"}],"about":[{"href":"https:\/\/sapachat.com\/index.php\/wp-json\/wp\/v2\/types\/product"}],"replies":[{"embeddable":true,"href":"https:\/\/sapachat.com\/index.php\/wp-json\/wp\/v2\/comments?post=10488"}],"wp:featuredmedia":[{"embeddable":true,"href":"https:\/\/sapachat.com\/index.php\/wp-json\/wp\/v2\/media\/10494"}],"wp:attachment":[{"href":"https:\/\/sapachat.com\/index.php\/wp-json\/wp\/v2\/media?parent=10488"}],"wp:term":[{"taxonomy":"product_brand","embeddable":true,"href":"https:\/\/sapachat.com\/index.php\/wp-json\/wp\/v2\/product_brand?post=10488"},{"taxonomy":"product_cat","embeddable":true,"href":"https:\/\/sapachat.com\/index.php\/wp-json\/wp\/v2\/product_cat?post=10488"},{"taxonomy":"product_tag","embeddable":true,"href":"https:\/\/sapachat.com\/index.php\/wp-json\/wp\/v2\/product_tag?post=10488"}],"curies":[{"name":"wp","href":"https:\/\/api.w.org\/{rel}","templated":true}]}}