{"id":10468,"date":"2025-08-15T14:06:57","date_gmt":"2025-08-15T12:06:57","guid":{"rendered":"https:\/\/sapachat.com\/?post_type=product&#038;p=10468"},"modified":"2025-08-15T14:14:29","modified_gmt":"2025-08-15T12:14:29","slug":"sac-a-dos-bulbasaur","status":"publish","type":"product","link":"https:\/\/sapachat.com\/index.php\/produit\/sac-a-dos-bulbasaur\/","title":{"rendered":"SAC \u00e0 dos BULBASAUR"},"content":{"rendered":"","protected":false},"excerpt":{"rendered":"<p>BULBASAUR sacs \u00e0 dos pour ordinateur portable pour homme avec port de charge USB, sac \u00e0 dos tendance, d\u00e9contract\u00e9, sac de voyage, sac de coll\u00e8ge<\/p>\n<p>&nbsp;<\/p>\n","protected":false},"featured_media":10475,"comment_status":"open","ping_status":"closed","template":"","meta":{"_acf_changed":false},"product_brand":[],"product_cat":[15],"product_tag":[],"class_list":{"0":"post-10468","1":"product","2":"type-product","3":"status-publish","4":"has-post-thumbnail","6":"product_cat-non-classe","8":"first","9":"instock","10":"sale","11":"downloadable","12":"virtual","13":"purchasable","14":"product-type-simple"},"acf":[],"_links":{"self":[{"href":"https:\/\/sapachat.com\/index.php\/wp-json\/wp\/v2\/product\/10468","targetHints":{"allow":["GET"]}}],"collection":[{"href":"https:\/\/sapachat.com\/index.php\/wp-json\/wp\/v2\/product"}],"about":[{"href":"https:\/\/sapachat.com\/index.php\/wp-json\/wp\/v2\/types\/product"}],"replies":[{"embeddable":true,"href":"https:\/\/sapachat.com\/index.php\/wp-json\/wp\/v2\/comments?post=10468"}],"wp:featuredmedia":[{"embeddable":true,"href":"https:\/\/sapachat.com\/index.php\/wp-json\/wp\/v2\/media\/10475"}],"wp:attachment":[{"href":"https:\/\/sapachat.com\/index.php\/wp-json\/wp\/v2\/media?parent=10468"}],"wp:term":[{"taxonomy":"product_brand","embeddable":true,"href":"https:\/\/sapachat.com\/index.php\/wp-json\/wp\/v2\/product_brand?post=10468"},{"taxonomy":"product_cat","embeddable":true,"href":"https:\/\/sapachat.com\/index.php\/wp-json\/wp\/v2\/product_cat?post=10468"},{"taxonomy":"product_tag","embeddable":true,"href":"https:\/\/sapachat.com\/index.php\/wp-json\/wp\/v2\/product_tag?post=10468"}],"curies":[{"name":"wp","href":"https:\/\/api.w.org\/{rel}","templated":true}]}}