{"id":2508,"date":"2016-03-09T06:02:55","date_gmt":"2016-03-09T06:02:55","guid":{"rendered":"https:\/\/electro.madrasthemes.com\/?page_id=2508"},"modified":"2025-06-28T23:00:07","modified_gmt":"2025-06-28T21:00:07","slug":"contact-v1","status":"publish","type":"page","link":"https:\/\/sapachat.com\/index.php\/contact-v1\/","title":{"rendered":"Contact"},"content":{"rendered":"<div class=\"wpb-content-wrapper\"><p>[vc_row][vc_column][vc_single_image image=&#8221;5880&#8243; img_size=&#8221;1920&#215;400&#8243; css=&#8221;&#8221;][\/vc_column][\/vc_row][vc_row][vc_column width=&#8221;3\/4&#8243; el_class=&#8221;contact-form&#8221;][vc_column_text css=&#8221;&#8221;]<\/p>\n<h2 class=\"contact-page-title\">Message<\/h2>\n<p data-start=\"41\" data-end=\"156\">Une question, une id\u00e9e ou un besoin ? Laissez-nous un message, nous vous r\u00e9pondrons dans les plus brefs d\u00e9lais. Nous sommes \u00e0 votre \u00e9coute ! \u00c9crivez-nous et notre \u00e9quipe vous r\u00e9pondra rapidement.<\/p>\n<p>[\/vc_column_text]<style id=\"wpforms-css-vars-5222\">\n\t\t\t\t#wpforms-5222 {\n\t\t\t\t\n\t\t\t}\n\t\t\t<\/style><div class=\"wpforms-container wpforms-container-full wpforms-render-modern\" id=\"wpforms-5222\"><form id=\"wpforms-form-5222\" class=\"wpforms-validate wpforms-form\" data-formid=\"5222\" method=\"post\" enctype=\"multipart\/form-data\" action=\"\/index.php\/wp-json\/wp\/v2\/pages\/2508\" data-token=\"0d6088a3affd264fc50c7025ea2c5fe9\" data-token-time=\"1776097700\"><noscript class=\"wpforms-error-noscript\">Veuillez activer JavaScript dans votre navigateur pour remplir ce formulaire.<\/noscript><div id=\"wpforms-error-noscript\" style=\"display: none;\">Veuillez activer JavaScript dans votre navigateur pour remplir ce formulaire.<\/div><div class=\"wpforms-field-container\"><div id=\"wpforms-5222-field_0-container\" class=\"wpforms-field wpforms-field-name\" data-field-id=\"0\"><fieldset><legend class=\"wpforms-field-label\">Identit\u00e9 <span class=\"wpforms-required-label\" aria-hidden=\"true\">*<\/span><\/legend><div class=\"wpforms-field-row wpforms-field-large\"><div class=\"wpforms-field-row-block wpforms-first wpforms-one-half\"><input type=\"text\" id=\"wpforms-5222-field_0\" class=\"wpforms-field-name-first wpforms-field-required\" name=\"wpforms[fields][0][first]\" placeholder=\"Pr\u00e9nom\" aria-errormessage=\"wpforms-5222-field_0-error\" required><label for=\"wpforms-5222-field_0\" class=\"wpforms-field-sublabel after wpforms-sublabel-hide\">Pr\u00e9nom<\/label><\/div><div class=\"wpforms-field-row-block wpforms-one-half\"><input type=\"text\" id=\"wpforms-5222-field_0-last\" class=\"wpforms-field-name-last wpforms-field-required\" name=\"wpforms[fields][0][last]\" placeholder=\"Nom de famille\" aria-errormessage=\"wpforms-5222-field_0-last-error\" required><label for=\"wpforms-5222-field_0-last\" class=\"wpforms-field-sublabel after wpforms-sublabel-hide\">Nom<\/label><\/div><\/div><\/fieldset><\/div><div id=\"wpforms-5222-field_1-container\" class=\"wpforms-field wpforms-field-email\" data-field-id=\"1\"><label class=\"wpforms-field-label\" for=\"wpforms-5222-field_1\">Email <span class=\"wpforms-required-label\" aria-hidden=\"true\">*<\/span><\/label><input type=\"email\" id=\"wpforms-5222-field_1\" class=\"wpforms-field-large wpforms-field-required\" name=\"wpforms[fields][1]\" placeholder=\"Entrez votre adresse e-mail\" spellcheck=\"false\" aria-errormessage=\"wpforms-5222-field_1-error\" required><\/div><div id=\"wpforms-5222-field_2-container\" class=\"wpforms-field wpforms-field-textarea\" data-field-id=\"2\"><label class=\"wpforms-field-label\" for=\"wpforms-5222-field_2\">Commentaire ou message <span class=\"wpforms-required-label\" aria-hidden=\"true\">*<\/span><\/label><textarea id=\"wpforms-5222-field_2\" class=\"wpforms-field-large wpforms-field-required\" name=\"wpforms[fields][2]\" aria-errormessage=\"wpforms-5222-field_2-error\" required><\/textarea><\/div><\/div><!-- .wpforms-field-container --><div class=\"wpforms-field wpforms-field-hp\"><label for=\"wpforms-5222-field-hp\" class=\"wpforms-field-label\">Website<\/label><input type=\"text\" name=\"wpforms[hp]\" id=\"wpforms-5222-field-hp\" class=\"wpforms-field-medium\"><\/div><div class=\"wpforms-submit-container\" ><input type=\"hidden\" name=\"wpforms[id]\" value=\"5222\"><input type=\"hidden\" name=\"page_title\" value=\"\"><input type=\"hidden\" name=\"page_url\" value=\"https:\/\/sapachat.com\/index.php\/wp-json\/wp\/v2\/pages\/2508\"><input type=\"hidden\" name=\"url_referer\" value=\"\"><button type=\"submit\" name=\"wpforms[submit]\" id=\"wpforms-submit-5222\" class=\"wpforms-submit\" data-alt-text=\"Envoi en cours..\" data-submit-text=\"Envoyer\" aria-live=\"assertive\" value=\"wpforms-submit\">Envoyer<\/button><\/div><\/form><\/div>  <!-- .wpforms-container -->[\/vc_column][vc_column width=&#8221;1\/4&#8243; el_class=&#8221;store-info&#8221;][vc_column_text css=&#8221;&#8221;]<\/p>\n<h2 class=\"contact-page-title\"><strong>Notre Si\u00e8ge<\/strong><\/h2>\n<address>FAYA COQIVOIRE Cocody,<\/address>\n<address>Abidjan, C\u00f4te D&#8217;Ivoire<\/address>\n<h3>Heures d&#8217;ouverture<\/h3>\n<ul class=\"list-unstyled operation-hours inner-right-md\">\n<li class=\"clearfix\"><span class=\"day\">Lundi: 08:00 &#8211; 19:00<\/span><\/li>\n<li class=\"clearfix\"><span class=\"day\">Mardi: 08:00 &#8211; 19:00<\/span><\/li>\n<li class=\"clearfix\"><span class=\"day\">Mercredi: 08:00 &#8211; 19:00<\/span><\/li>\n<li class=\"clearfix\"><span class=\"day\">Jeudi: 08:00 &#8211; 19:00<\/span><\/li>\n<li class=\"clearfix\"><span class=\"day\">Vendredi: 08:00 &#8211; 19:00<\/span><\/li>\n<li class=\"clearfix\"><span class=\"day\">Samedi: 08:00 &#8211; 19:00<\/span><\/li>\n<li class=\"clearfix\"><span class=\"day\">Dimanche: <\/span><strong><span class=\"pull-right flip hours\">Ferm\u00e9<\/span><\/strong><\/li>\n<\/ul>\n<h3>Info:<\/h3>\n<p class=\"inner-right-md\"><strong>T\u00e9l\u00e9phone<\/strong>: +2250798432115<\/p>\n<p><strong>Email<\/strong>:\u00a0 \u00a0 \u00a0 \u00a0 \u00a0 \u00a0<a href=\"mailto:contact@sapachat.com\">contact@sapachat.com<\/a><\/p>\n<p>[\/vc_column_text][\/vc_column][\/vc_row][vc_row full_width=&#8221;stretch_row_content_no_spaces&#8221; css=&#8221;.vc_custom_1522680729235{margin-top: 0px !important;margin-bottom: 25px !important;}&#8221;][vc_column][vc_gmaps link=&#8221;#E-8_JTNDaWZyYW1lJTIwc3JjJTNEJTIyaHR0cHMlM0ElMkYlMkZtYXBzLmdvb2dsZS5jb20lMkZtYXBzJTNGcSUzREZBWUElMjUyMENPUUlWT0lSRSUyNTIwQ29jb2R5JTJDJTI1MjBBYmlkamFuJTJDJTI1MjBDJTI1QzMlMjVCNHRlJTI1MjBEJTI3SXZvaXJlJTI2dCUzRCUyNnolM0QxMyUyNmllJTNEVVRGOCUyNml3bG9jJTNEJTI2b3V0cHV0JTNEZW1iZWQlMjIlMjB3aWR0aCUzRCUyMjYwMCUyMiUyMGhlaWdodCUzRCUyMjUxNCUyMiUyMHN0eWxlJTNEJTIyYm9yZGVyJTNBMCUyMiUyMGFsbG93ZnVsbHNjcmVlbiUzRSUzQyUyRmlmcmFtZSUzRQ==&#8221; css=&#8221;.vc_custom_1751142169552{padding-top: 0px !important;padding-right: 0px !important;padding-bottom: 0px !important;padding-left: 0px !important;}&#8221;][\/vc_column][\/vc_row]<\/p>\n<\/div>","protected":false},"excerpt":{"rendered":"<p>[vc_row][vc_column][vc_single_image image=&#8221;5880&#8243; img_size=&#8221;1920&#215;400&#8243; css=&#8221;&#8221;][\/vc_column][\/vc_row][vc_row][vc_column width=&#8221;3\/4&#8243; el_class=&#8221;contact-form&#8221;][vc_column_text css=&#8221;&#8221;] Message Une question, une id\u00e9e ou un besoin ? Laissez-nous un message, nous vous r\u00e9pondrons dans les plus brefs d\u00e9lais. Nous sommes \u00e0<\/p>\n","protected":false},"author":1,"featured_media":0,"parent":0,"menu_order":0,"comment_status":"closed","ping_status":"closed","template":"","meta":{"_acf_changed":false,"footnotes":""},"class_list":["post-2508","page","type-page","status-publish","hentry"],"acf":[],"_links":{"self":[{"href":"https:\/\/sapachat.com\/index.php\/wp-json\/wp\/v2\/pages\/2508","targetHints":{"allow":["GET"]}}],"collection":[{"href":"https:\/\/sapachat.com\/index.php\/wp-json\/wp\/v2\/pages"}],"about":[{"href":"https:\/\/sapachat.com\/index.php\/wp-json\/wp\/v2\/types\/page"}],"author":[{"embeddable":true,"href":"https:\/\/sapachat.com\/index.php\/wp-json\/wp\/v2\/users\/1"}],"replies":[{"embeddable":true,"href":"https:\/\/sapachat.com\/index.php\/wp-json\/wp\/v2\/comments?post=2508"}],"version-history":[{"count":4,"href":"https:\/\/sapachat.com\/index.php\/wp-json\/wp\/v2\/pages\/2508\/revisions"}],"predecessor-version":[{"id":5886,"href":"https:\/\/sapachat.com\/index.php\/wp-json\/wp\/v2\/pages\/2508\/revisions\/5886"}],"wp:attachment":[{"href":"https:\/\/sapachat.com\/index.php\/wp-json\/wp\/v2\/media?parent=2508"}],"curies":[{"name":"wp","href":"https:\/\/api.w.org\/{rel}","templated":true}]}}