{"id":2494,"date":"2016-03-09T05:41:44","date_gmt":"2016-03-09T05:41:44","guid":{"rendered":"https:\/\/electro.madrasthemes.com\/?page_id=2494"},"modified":"2025-07-04T00:29:05","modified_gmt":"2025-07-03T22:29:05","slug":"about","status":"publish","type":"page","link":"https:\/\/sapachat.com\/index.php\/about\/","title":{"rendered":"A Propos"},"content":{"rendered":"<div class=\"wpb-content-wrapper\"><p>[vc_row][vc_column][vc_single_image image=&#8221;5870&#8243; img_size=&#8221;1920&#215;400&#8243; css=&#8221;&#8221;][\/vc_column][\/vc_row][vc_row el_class=&#8221;about-features inner-top-md inner-bottom-sm&#8221;][vc_column width=&#8221;1\/3&#8243; css=&#8221;.vc_custom_1457518924264{margin-bottom: 0px !important;}&#8221;][vc_column_text css=&#8221;.vc_custom_1751132644212{margin-bottom: 30px !important;}&#8221;]<\/p>\n<h2 class=\"align-top\"><strong>Objectif<\/strong><\/h2>\n<p>L\u2019objectif de <strong data-start=\"749\" data-end=\"761\">Sapachat<\/strong> est de devenir la r\u00e9f\u00e9rence incontournable du commerce en ligne multi-vendeur en rendant la vente et l\u2019achat simples, rapides et s\u00e9curis\u00e9s. Nous souhaitons offrir une plateforme intuitive qui valorise aussi bien les petits producteurs que les grandes enseignes, tout en garantissant une exp\u00e9rience client fluide, fiable et humaine. \u00c0 travers une interface moderne et des outils performants, nous facilitons les \u00e9changes, soutenons l\u2019\u00e9conomie locale et favorisons une croissance durable.[\/vc_column_text][\/vc_column][vc_column width=&#8221;1\/3&#8243; css=&#8221;.vc_custom_1457518934943{margin-bottom: 0px !important;}&#8221;][vc_column_text css=&#8221;.vc_custom_1751132670385{margin-bottom: 30px !important;}&#8221;]<\/p>\n<h2 class=\"align-top\"><strong>Notre Vision<\/strong><\/h2>\n<p>Chez <strong data-start=\"209\" data-end=\"221\">Sapachat<\/strong>, nous r\u00eavons d\u2019un monde connect\u00e9 o\u00f9 chaque vendeur, qu\u2019il soit artisan, commer\u00e7ant ou fabricant, peut facilement pr\u00e9senter ses produits au monde entier. Notre vision est de cr\u00e9er un \u00e9cosyst\u00e8me num\u00e9rique ouvert, dynamique et accessible, o\u00f9 la diversit\u00e9 des offres rencontre la libert\u00e9 de choix des acheteurs. Nous croyons en une marketplace inclusive, transparente et enrichissante pour tous, o\u00f9 l\u2019innovation digitale devient un pont entre les opportunit\u00e9s locales et la demande mondiale.[\/vc_column_text][\/vc_column][vc_column width=&#8221;1\/3&#8243; css=&#8221;.vc_custom_1457518945335{margin-bottom: 0px !important;}&#8221;][vc_column_text css=&#8221;.vc_custom_1751132689363{margin-bottom: 30px !important;}&#8221;]<\/p>\n<h2 class=\"align-top\"><strong>Histoire<\/strong><\/h2>\n<p><strong data-start=\"1273\" data-end=\"1285\">Sapachat<\/strong> est n\u00e9e d\u2019une id\u00e9e simple : rapprocher vendeurs et acheteurs dans un espace digital o\u00f9 la qualit\u00e9, la confiance et la vari\u00e9t\u00e9 sont au c\u0153ur des \u00e9changes. Ce projet a vu le jour gr\u00e2ce \u00e0 la volont\u00e9 de passionn\u00e9s du e-commerce de repenser le commerce traditionnel et de l\u2019adapter aux r\u00e9alit\u00e9s d\u2019un monde en constante \u00e9volution. Depuis sa cr\u00e9ation, <strong data-start=\"1630\" data-end=\"1642\">Sapachat<\/strong> s\u2019est construite avec la communaut\u00e9, en \u00e9coutant ses besoins, en s\u2019adaptant \u00e0 ses attentes et en gardant comme ligne directrice sa devise : <strong data-start=\"1783\" data-end=\"1821\">\u00ab C\u2019est le monde entre vos mains \u00bb<\/strong>.[\/vc_column_text][\/vc_column][\/vc_row][vc_row full_width=&#8221;stretch_row&#8221; el_class=&#8221;light-bg team-member-wrapper&#8221; css=&#8221;.vc_custom_1457502528908{margin-bottom: 35px !important;}&#8221;][vc_column width=&#8221;1\/3&#8243;]\n<div class=\"team-member circle\">\n\t<img loading=\"lazy\" decoding=\"async\" width=\"1600\" height=\"1200\" src=\"https:\/\/sapachat.com\/wp-content\/uploads\/2025\/07\/PHOTO-2025-07-01-15-11-29.jpg\" class=\"profile-pic img-responsive\" alt=\"\" srcset=\"https:\/\/sapachat.com\/wp-content\/uploads\/2025\/07\/PHOTO-2025-07-01-15-11-29.jpg 1600w, https:\/\/sapachat.com\/wp-content\/uploads\/2025\/07\/PHOTO-2025-07-01-15-11-29-300x225.jpg 300w, https:\/\/sapachat.com\/wp-content\/uploads\/2025\/07\/PHOTO-2025-07-01-15-11-29-1024x768.jpg 1024w, https:\/\/sapachat.com\/wp-content\/uploads\/2025\/07\/PHOTO-2025-07-01-15-11-29-768x576.jpg 768w, https:\/\/sapachat.com\/wp-content\/uploads\/2025\/07\/PHOTO-2025-07-01-15-11-29-1536x1152.jpg 1536w, https:\/\/sapachat.com\/wp-content\/uploads\/2025\/07\/PHOTO-2025-07-01-15-11-29-1320x990.jpg 1320w, https:\/\/sapachat.com\/wp-content\/uploads\/2025\/07\/PHOTO-2025-07-01-15-11-29-600x450.jpg 600w\" sizes=\"auto, (max-width: 1600px) 100vw, 1600px\" \/>\t<div class=\"profile\">\n\t\t<h3>Leon FIOGNIGBE <small class=\"description\">DRH<\/small><\/h3>\n\t<\/div>\n<\/div>\n[\/vc_column][vc_column width=&#8221;1\/3&#8243;]\n<div class=\"team-member circle\">\n\t<img loading=\"lazy\" decoding=\"async\" width=\"1758\" height=\"2560\" src=\"https:\/\/sapachat.com\/wp-content\/uploads\/2025\/07\/602ff6a4-6dc9-436b-89fb-5effd6768785.jpg\" class=\"profile-pic img-responsive\" alt=\"\" srcset=\"https:\/\/sapachat.com\/wp-content\/uploads\/2025\/07\/602ff6a4-6dc9-436b-89fb-5effd6768785.jpg 1758w, https:\/\/sapachat.com\/wp-content\/uploads\/2025\/07\/602ff6a4-6dc9-436b-89fb-5effd6768785-206x300.jpg 206w, https:\/\/sapachat.com\/wp-content\/uploads\/2025\/07\/602ff6a4-6dc9-436b-89fb-5effd6768785-703x1024.jpg 703w, https:\/\/sapachat.com\/wp-content\/uploads\/2025\/07\/602ff6a4-6dc9-436b-89fb-5effd6768785-768x1118.jpg 768w, https:\/\/sapachat.com\/wp-content\/uploads\/2025\/07\/602ff6a4-6dc9-436b-89fb-5effd6768785-1055x1536.jpg 1055w, https:\/\/sapachat.com\/wp-content\/uploads\/2025\/07\/602ff6a4-6dc9-436b-89fb-5effd6768785-1406x2048.jpg 1406w, https:\/\/sapachat.com\/wp-content\/uploads\/2025\/07\/602ff6a4-6dc9-436b-89fb-5effd6768785-1320x1922.jpg 1320w, https:\/\/sapachat.com\/wp-content\/uploads\/2025\/07\/602ff6a4-6dc9-436b-89fb-5effd6768785-600x874.jpg 600w\" sizes=\"auto, (max-width: 1758px) 100vw, 1758px\" \/>\t<div class=\"profile\">\n\t\t<h3>SETON DEO-GRACIAS <small class=\"description\">CEO\/Fondateur<\/small><\/h3>\n\t<\/div>\n<\/div>\n[\/vc_column][vc_column width=&#8221;1\/3&#8243;]\n<div class=\"team-member circle\">\n\t<img loading=\"lazy\" decoding=\"async\" width=\"465\" height=\"466\" src=\"https:\/\/sapachat.com\/wp-content\/uploads\/2025\/07\/kd-removebg-preview.png\" class=\"profile-pic img-responsive\" alt=\"\" srcset=\"https:\/\/sapachat.com\/wp-content\/uploads\/2025\/07\/kd-removebg-preview.png 465w, https:\/\/sapachat.com\/wp-content\/uploads\/2025\/07\/kd-removebg-preview-300x300.png 300w, https:\/\/sapachat.com\/wp-content\/uploads\/2025\/07\/kd-removebg-preview-150x150.png 150w, https:\/\/sapachat.com\/wp-content\/uploads\/2025\/07\/kd-removebg-preview-100x100.png 100w\" sizes=\"auto, (max-width: 465px) 100vw, 465px\" \/>\t<div class=\"profile\">\n\t\t<h3>Obierge TCHEBESSI <small class=\"description\">Directrice Communication Internationale<\/small><\/h3>\n\t<\/div>\n<\/div>\n[\/vc_column][\/vc_row][vc_row el_class=&#8221;inner-sm&#8221;][vc_column width=&#8221;7\/12&#8243; el_class=&#8221;text-boxes&#8221;][vc_row_inner el_class=&#8221;inner-bottom-xs&#8221;][vc_column_inner width=&#8221;1\/2&#8243;][vc_column_text css=&#8221;&#8221;]<\/p>\n<h3 class=\"highlight\">Engagement envers les vendeurs<\/h3>\n<p><strong data-start=\"715\" data-end=\"727\">Sapachat<\/strong> s\u2019engage \u00e0 offrir \u00e0 ses vendeurs bien plus qu\u2019un espace de vente : un v\u00e9ritable tremplin pour d\u00e9velopper leur activit\u00e9. Nous leur fournissons des outils puissants pour g\u00e9rer leurs boutiques, comprendre leurs clients et am\u00e9liorer leurs performances. En leur donnant de la visibilit\u00e9 et en r\u00e9duisant les barri\u00e8res techniques, nous les accompagnons dans leur croissance avec un objectif clair : transformer leurs id\u00e9es et talents en succ\u00e8s commerciaux durables.[\/vc_column_text][\/vc_column_inner][vc_column_inner width=&#8221;1\/2&#8243;][vc_column_text css=&#8221;&#8221;]<\/p>\n<h3 class=\"highlight\">Engagement envers les acheteurs<\/h3>\n<p>Pour nos acheteurs, <strong data-start=\"1255\" data-end=\"1267\">Sapachat<\/strong> est un lieu de confiance, de diversit\u00e9 et de s\u00e9curit\u00e9. Chaque produit est pr\u00e9sent\u00e9 avec clart\u00e9, et chaque vendeur est \u00e9valu\u00e9 pour garantir une exp\u00e9rience transparente. Nous mettons tout en \u0153uvre pour offrir un service client r\u00e9actif, un syst\u00e8me de paiement s\u00e9curis\u00e9 et une livraison fiable. Car sur Sapachat, chaque achat doit \u00eatre un plaisir, chaque commande une satisfaction, et chaque visite une d\u00e9couverte.[\/vc_column_text][\/vc_column_inner][\/vc_row_inner][vc_row_inner][vc_column_inner width=&#8221;1\/2&#8243;][vc_column_text css=&#8221;&#8221;]<\/p>\n<h3 class=\"highlight\">Valeurs<\/h3>\n<p>Nos valeurs guident chacune de nos d\u00e9cisions. Nous croyons en la <strong data-start=\"294\" data-end=\"307\">confiance<\/strong>, comme fondement de toute relation commerciale, en la <strong data-start=\"362\" data-end=\"378\">transparence<\/strong>, pour b\u00e2tir une communaut\u00e9 honn\u00eate, en <strong data-start=\"418\" data-end=\"434\">l\u2019innovation<\/strong>, pour am\u00e9liorer sans cesse notre plateforme, et en <strong data-start=\"486\" data-end=\"498\">l\u2019\u00e9quit\u00e9<\/strong>, afin de donner les m\u00eames chances \u00e0 tous nos vendeurs. Ces piliers soutiennent notre engagement \u00e0 b\u00e2tir un espace o\u00f9 chaque acteur se sent respect\u00e9, \u00e9cout\u00e9 et valoris\u00e9.[\/vc_column_text][\/vc_column_inner][vc_column_inner width=&#8221;1\/2&#8243;][vc_column_text css=&#8221;&#8221;]<\/p>\n<h3 class=\"highlight\">Impact et ambition future<\/h3>\n<p><strong data-start=\"1721\" data-end=\"1733\">Sapachat<\/strong> ne se limite pas \u00e0 \u00eatre une simple plateforme : notre ambition est de devenir un acteur de changement dans le commerce digital. Nous souhaitons promouvoir les \u00e9conomies locales, encourager le commerce responsable et favoriser l\u2019entrepreneuriat partout dans le monde. En investissant dans des technologies durables et en \u00e9largissant notre port\u00e9e internationale, nous visons \u00e0 faire de <strong data-start=\"2118\" data-end=\"2130\">Sapachat<\/strong> une passerelle entre cultures, opportunit\u00e9s et g\u00e9n\u00e9rations.[\/vc_column_text][\/vc_column_inner][\/vc_row_inner][\/vc_column][vc_column width=&#8221;5\/12&#8243; el_class=&#8221;wpb-accordion&#8221;][vc_tta_accordion shape=&#8221;square&#8221; color=&#8221;white&#8221; active_section=&#8221;1&#8243; title=&#8221;Que pouvons-nous faire pour vous ?&#8221; el_class=&#8221;wpb_accordion_heading&#8221;][vc_tta_section title=&#8221;Mettre en avant vos produits&#8221; tab_id=&#8221;1457421867768-730a628b-1468&#8243;][vc_column_text css=&#8221;&#8221;]Exposez vos articles dans une vitrine digitale moderne, visible par des milliers d\u2019acheteurs chaque jour. Chaque produit a sa place, chaque vendeur a sa voix.[\/vc_column_text][\/vc_tta_section][vc_tta_section title=&#8221;Outils de gestion puissants&#8221; tab_id=&#8221;1457421867891-00618bbe-81b3&#8243;][vc_column_text css=&#8221;&#8221;]G\u00e9rez facilement vos commandes, vos stocks, vos livraisons et vos performances depuis un tableau de bord intuitif et accessible 24h\/24.[\/vc_column_text][\/vc_tta_section][vc_tta_section title=&#8221;Cr\u00e9er des liens de confiance&#8221; tab_id=&#8221;1457422007417-d8a52c69-9fbe&#8221;][vc_column_text css=&#8221;&#8221;]Gr\u00e2ce aux \u00e9valuations, profils v\u00e9rifi\u00e9s et messageries int\u00e9gr\u00e9es, nous facilitons les \u00e9changes honn\u00eates entre vendeurs et acheteurs.[\/vc_column_text][\/vc_tta_section][vc_tta_section title=&#8221;La s\u00e9curit\u00e9 de vos transactions&#8221; tab_id=&#8221;1457422038772-dd7f7be8-c730&#8243;][vc_column_text css=&#8221;&#8221;]Profitez d\u2019un syst\u00e8me de paiement s\u00e9curis\u00e9, d\u2019un suivi de livraison fiable et d\u2019une protection en cas de litige pour vendre et acheter l\u2019esprit tranquille.[\/vc_column_text][\/vc_tta_section][vc_tta_section title=&#8221;Booster votre visibilit\u00e9&#8221; tab_id=&#8221;1457422064469-3863fd46-37f1&#8243;][vc_column_text css=&#8221;&#8221;]Notre moteur de recherche intelligent, les recommandations personnalis\u00e9es et les campagnes promotionnelles vous permettent d\u2019atteindre une audience cibl\u00e9e et qualifi\u00e9e.[\/vc_column_text][\/vc_tta_section][\/vc_tta_accordion][\/vc_column][\/vc_row][vc_row][vc_column][vc_raw_html]JTNDc3R5bGUlMjB0eXBlJTNEJTIydGV4dCUyRmNzcyUyMiUzRS5wYWdlJTIwLmVudHJ5LWhlYWRlci5oZWFkZXItd2l0aC1jb3Zlci1pbWFnZSUyMCU3QiUyMGJhY2tncm91bmQtcG9zaXRpb24lM0ElMjBjZW50ZXIlMjAtMTU3cHglM0IlMjAlN0QlM0MlMkZzdHlsZSUzRQ==[\/vc_raw_html][\/vc_column][\/vc_row]<\/p>\n<\/div>","protected":false},"excerpt":{"rendered":"<p>[vc_row][vc_column][vc_single_image image=&#8221;5870&#8243; img_size=&#8221;1920&#215;400&#8243; css=&#8221;&#8221;][\/vc_column][\/vc_row][vc_row el_class=&#8221;about-features inner-top-md inner-bottom-sm&#8221;][vc_column width=&#8221;1\/3&#8243; css=&#8221;.vc_custom_1457518924264{margin-bottom: 0px !important;}&#8221;][vc_column_text css=&#8221;.vc_custom_1751132644212{margin-bottom: 30px !important;}&#8221;] Objectif L\u2019objectif de Sapachat est de devenir la r\u00e9f\u00e9rence incontournable du commerce en ligne multi-vendeur en<\/p>\n","protected":false},"author":1,"featured_media":0,"parent":0,"menu_order":0,"comment_status":"closed","ping_status":"closed","template":"","meta":{"_acf_changed":false,"footnotes":""},"class_list":["post-2494","page","type-page","status-publish","hentry"],"acf":[],"_links":{"self":[{"href":"https:\/\/sapachat.com\/index.php\/wp-json\/wp\/v2\/pages\/2494","targetHints":{"allow":["GET"]}}],"collection":[{"href":"https:\/\/sapachat.com\/index.php\/wp-json\/wp\/v2\/pages"}],"about":[{"href":"https:\/\/sapachat.com\/index.php\/wp-json\/wp\/v2\/types\/page"}],"author":[{"embeddable":true,"href":"https:\/\/sapachat.com\/index.php\/wp-json\/wp\/v2\/users\/1"}],"replies":[{"embeddable":true,"href":"https:\/\/sapachat.com\/index.php\/wp-json\/wp\/v2\/comments?post=2494"}],"version-history":[{"count":15,"href":"https:\/\/sapachat.com\/index.php\/wp-json\/wp\/v2\/pages\/2494\/revisions"}],"predecessor-version":[{"id":5953,"href":"https:\/\/sapachat.com\/index.php\/wp-json\/wp\/v2\/pages\/2494\/revisions\/5953"}],"wp:attachment":[{"href":"https:\/\/sapachat.com\/index.php\/wp-json\/wp\/v2\/media?parent=2494"}],"curies":[{"name":"wp","href":"https:\/\/api.w.org\/{rel}","templated":true}]}}